{"id":29511,"date":"2025-07-22T08:43:12","date_gmt":"2025-07-22T05:43:12","guid":{"rendered":"https:\/\/kervanmagazacilik.com\/?post_type=product&#038;p=29511"},"modified":"2025-07-22T08:43:13","modified_gmt":"2025-07-22T05:43:13","slug":"241063027818","status":"publish","type":"product","link":"https:\/\/kervanmagazacilik.com\/index.php\/urun\/241063027818\/","title":{"rendered":"241063027818"},"content":{"rendered":"<table width=\"110\">\n<tbody>\n<tr>\n<td style=\"text-align: center;\" width=\"110\">241063027818<\/td>\n<\/tr>\n<\/tbody>\n<\/table>\n<table width=\"419\">\n<tbody>\n<tr>\n<td width=\"419\">CALB\u0130NA 35&#215;50\u00a0 AMERIKAN SERVIS KREM<\/td>\n<\/tr>\n<\/tbody>\n<\/table>\n<p>Kuma\u015f; %100 Polyester<br \/>\nAksesuar; %100 Polyester<br \/>\n30 derece narin y\u0131kama<br \/>\n\u00c7ama\u015f\u0131r suyu konamaz<br \/>\nKurutma makinesinde kurutulamaz<br \/>\nD\u00fc\u015f\u00fck \u0131s\u0131da \u00fct\u00fclenmelidir<\/p>\n<p>ALT GRUP: SALON TEKST\u0130L\u0130<\/p>\n<p>A.SERV\u0130S: 35X50<\/p>\n","protected":false},"excerpt":{"rendered":"<p>241063027818 CALB\u0130NA 35&#215;50\u00a0 AMERIKAN SERVIS KREM Kuma\u015f; %100 Polyester Aksesuar; %100 Polyester 30 derece narin y\u0131kama \u00c7ama\u015f\u0131r suyu konamaz Kurutma makinesinde kurutulamaz D\u00fc\u015f\u00fck \u0131s\u0131da \u00fct\u00fclenmelidir ALT GRUP: SALON TEKST\u0130L\u0130 A.SERV\u0130S: 35X50<\/p>\n","protected":false},"featured_media":29512,"template":"","meta":[],"product_brand":[],"product_cat":[3250],"product_tag":[6534],"class_list":{"0":"post-29511","1":"product","2":"type-product","3":"status-publish","4":"has-post-thumbnail","6":"product_cat-3250","7":"product_tag-6534","9":"first","10":"instock","11":"taxable","12":"shipping-taxable","13":"product-type-simple"},"_links":{"self":[{"href":"https:\/\/kervanmagazacilik.com\/index.php\/wp-json\/wp\/v2\/product\/29511","targetHints":{"allow":["GET"]}}],"collection":[{"href":"https:\/\/kervanmagazacilik.com\/index.php\/wp-json\/wp\/v2\/product"}],"about":[{"href":"https:\/\/kervanmagazacilik.com\/index.php\/wp-json\/wp\/v2\/types\/product"}],"wp:featuredmedia":[{"embeddable":true,"href":"https:\/\/kervanmagazacilik.com\/index.php\/wp-json\/wp\/v2\/media\/29512"}],"wp:attachment":[{"href":"https:\/\/kervanmagazacilik.com\/index.php\/wp-json\/wp\/v2\/media?parent=29511"}],"wp:term":[{"taxonomy":"product_brand","embeddable":true,"href":"https:\/\/kervanmagazacilik.com\/index.php\/wp-json\/wp\/v2\/product_brand?post=29511"},{"taxonomy":"product_cat","embeddable":true,"href":"https:\/\/kervanmagazacilik.com\/index.php\/wp-json\/wp\/v2\/product_cat?post=29511"},{"taxonomy":"product_tag","embeddable":true,"href":"https:\/\/kervanmagazacilik.com\/index.php\/wp-json\/wp\/v2\/product_tag?post=29511"}],"curies":[{"name":"wp","href":"https:\/\/api.w.org\/{rel}","templated":true}]}}