{"id":29508,"date":"2025-07-22T08:41:33","date_gmt":"2025-07-22T05:41:33","guid":{"rendered":"https:\/\/kervanmagazacilik.com\/?post_type=product&#038;p=29508"},"modified":"2025-07-22T08:41:34","modified_gmt":"2025-07-22T05:41:34","slug":"241063027817","status":"publish","type":"product","link":"https:\/\/kervanmagazacilik.com\/index.php\/urun\/241063027817\/","title":{"rendered":"241063027817"},"content":{"rendered":"<table width=\"110\">\n<tbody>\n<tr>\n<td width=\"110\">241063027817<\/td>\n<\/tr>\n<\/tbody>\n<\/table>\n<p>&nbsp;<\/p>\n<table width=\"419\">\n<tbody>\n<tr>\n<td width=\"419\">CALB\u0130NA 40&#215;40\u00a0 PECETE KREM<\/td>\n<\/tr>\n<\/tbody>\n<\/table>\n<p>Kuma\u015f; %100 Polyester<br \/>\nAksesuar; %100 Polyester<br \/>\n30 derece narin y\u0131kama<br \/>\n\u00c7ama\u015f\u0131r suyu konamaz<br \/>\nKurutma makinesinde kurutulamaz<br \/>\nD\u00fc\u015f\u00fck \u0131s\u0131da \u00fct\u00fclenmelidir<\/p>\n<p>ALT GRUP: SALON TEKST\u0130L\u0130<\/p>\n<p>PE\u00c7ETE: 40X40<\/p>\n","protected":false},"excerpt":{"rendered":"<p>241063027817 &nbsp; CALB\u0130NA 40&#215;40\u00a0 PECETE KREM Kuma\u015f; %100 Polyester Aksesuar; %100 Polyester 30 derece narin y\u0131kama \u00c7ama\u015f\u0131r suyu konamaz Kurutma makinesinde kurutulamaz D\u00fc\u015f\u00fck \u0131s\u0131da \u00fct\u00fclenmelidir ALT GRUP: SALON TEKST\u0130L\u0130 PE\u00c7ETE: 40X40<\/p>\n","protected":false},"featured_media":29510,"template":"","meta":[],"product_brand":[],"product_cat":[3250],"product_tag":[6533],"class_list":{"0":"post-29508","1":"product","2":"type-product","3":"status-publish","4":"has-post-thumbnail","6":"product_cat-3250","7":"product_tag-6533","9":"first","10":"instock","11":"taxable","12":"shipping-taxable","13":"product-type-simple"},"_links":{"self":[{"href":"https:\/\/kervanmagazacilik.com\/index.php\/wp-json\/wp\/v2\/product\/29508","targetHints":{"allow":["GET"]}}],"collection":[{"href":"https:\/\/kervanmagazacilik.com\/index.php\/wp-json\/wp\/v2\/product"}],"about":[{"href":"https:\/\/kervanmagazacilik.com\/index.php\/wp-json\/wp\/v2\/types\/product"}],"wp:featuredmedia":[{"embeddable":true,"href":"https:\/\/kervanmagazacilik.com\/index.php\/wp-json\/wp\/v2\/media\/29510"}],"wp:attachment":[{"href":"https:\/\/kervanmagazacilik.com\/index.php\/wp-json\/wp\/v2\/media?parent=29508"}],"wp:term":[{"taxonomy":"product_brand","embeddable":true,"href":"https:\/\/kervanmagazacilik.com\/index.php\/wp-json\/wp\/v2\/product_brand?post=29508"},{"taxonomy":"product_cat","embeddable":true,"href":"https:\/\/kervanmagazacilik.com\/index.php\/wp-json\/wp\/v2\/product_cat?post=29508"},{"taxonomy":"product_tag","embeddable":true,"href":"https:\/\/kervanmagazacilik.com\/index.php\/wp-json\/wp\/v2\/product_tag?post=29508"}],"curies":[{"name":"wp","href":"https:\/\/api.w.org\/{rel}","templated":true}]}}