{"id":29485,"date":"2025-07-21T17:23:33","date_gmt":"2025-07-21T14:23:33","guid":{"rendered":"https:\/\/kervanmagazacilik.com\/?post_type=product&#038;p=29485"},"modified":"2025-07-21T17:23:34","modified_gmt":"2025-07-21T14:23:34","slug":"611sst000028","status":"publish","type":"product","link":"https:\/\/kervanmagazacilik.com\/index.php\/urun\/611sst000028\/","title":{"rendered":"611SST000028"},"content":{"rendered":"<p>611SST000028<\/p>\n<p>LEON YATAK + 1 KOMOD\u0130N 120x200x144cm SWTM-FR-001647-SWTM-FR-001646<\/p>\n<p>Kuru veya Nemli temiz bir bez yard\u0131m\u0131yla temizlenmelidir.<\/p>\n<p>KOMOD\u0130N :53x43x55cm<\/p>\n","protected":false},"excerpt":{"rendered":"<p>611SST000028 LEON YATAK + 1 KOMOD\u0130N 120x200x144cm SWTM-FR-001647-SWTM-FR-001646 Kuru veya Nemli temiz bir bez yard\u0131m\u0131yla temizlenmelidir. KOMOD\u0130N :53x43x55cm<\/p>\n","protected":false},"featured_media":29488,"template":"","meta":[],"product_brand":[],"product_cat":[117],"product_tag":[6530],"class_list":{"0":"post-29485","1":"product","2":"type-product","3":"status-publish","4":"has-post-thumbnail","6":"product_cat-611sst","7":"product_tag-611sst000028","9":"first","10":"instock","11":"taxable","12":"shipping-taxable","13":"product-type-simple"},"_links":{"self":[{"href":"https:\/\/kervanmagazacilik.com\/index.php\/wp-json\/wp\/v2\/product\/29485","targetHints":{"allow":["GET"]}}],"collection":[{"href":"https:\/\/kervanmagazacilik.com\/index.php\/wp-json\/wp\/v2\/product"}],"about":[{"href":"https:\/\/kervanmagazacilik.com\/index.php\/wp-json\/wp\/v2\/types\/product"}],"wp:featuredmedia":[{"embeddable":true,"href":"https:\/\/kervanmagazacilik.com\/index.php\/wp-json\/wp\/v2\/media\/29488"}],"wp:attachment":[{"href":"https:\/\/kervanmagazacilik.com\/index.php\/wp-json\/wp\/v2\/media?parent=29485"}],"wp:term":[{"taxonomy":"product_brand","embeddable":true,"href":"https:\/\/kervanmagazacilik.com\/index.php\/wp-json\/wp\/v2\/product_brand?post=29485"},{"taxonomy":"product_cat","embeddable":true,"href":"https:\/\/kervanmagazacilik.com\/index.php\/wp-json\/wp\/v2\/product_cat?post=29485"},{"taxonomy":"product_tag","embeddable":true,"href":"https:\/\/kervanmagazacilik.com\/index.php\/wp-json\/wp\/v2\/product_tag?post=29485"}],"curies":[{"name":"wp","href":"https:\/\/api.w.org\/{rel}","templated":true}]}}