{"id":29441,"date":"2025-07-21T14:05:55","date_gmt":"2025-07-21T11:05:55","guid":{"rendered":"https:\/\/kervanmagazacilik.com\/?post_type=product&#038;p=29441"},"modified":"2025-07-21T14:05:56","modified_gmt":"2025-07-21T11:05:56","slug":"611pym000140","status":"publish","type":"product","link":"https:\/\/kervanmagazacilik.com\/index.php\/urun\/611pym000140\/","title":{"rendered":"611PYM000140"},"content":{"rendered":"<p>611PYM000140<\/p>\n<p>METROPOL \u00dc\u00c7L\u00dc KOLTUK KAHVE xxcm (NAPOL\u0130 212)<\/p>\n<p>NAPOL\u0130 212<\/p>\n<p>% 100 POLYESTER<\/p>\n","protected":false},"excerpt":{"rendered":"<p>611PYM000140 METROPOL \u00dc\u00c7L\u00dc KOLTUK KAHVE xxcm (NAPOL\u0130 212) NAPOL\u0130 212 % 100 POLYESTER<\/p>\n","protected":false},"featured_media":29443,"template":"","meta":[],"product_brand":[],"product_cat":[73],"product_tag":[6517],"class_list":{"0":"post-29441","1":"product","2":"type-product","3":"status-publish","4":"has-post-thumbnail","6":"product_cat-611pym","7":"product_tag-611pym000140","9":"first","10":"instock","11":"taxable","12":"shipping-taxable","13":"product-type-simple"},"_links":{"self":[{"href":"https:\/\/kervanmagazacilik.com\/index.php\/wp-json\/wp\/v2\/product\/29441","targetHints":{"allow":["GET"]}}],"collection":[{"href":"https:\/\/kervanmagazacilik.com\/index.php\/wp-json\/wp\/v2\/product"}],"about":[{"href":"https:\/\/kervanmagazacilik.com\/index.php\/wp-json\/wp\/v2\/types\/product"}],"wp:featuredmedia":[{"embeddable":true,"href":"https:\/\/kervanmagazacilik.com\/index.php\/wp-json\/wp\/v2\/media\/29443"}],"wp:attachment":[{"href":"https:\/\/kervanmagazacilik.com\/index.php\/wp-json\/wp\/v2\/media?parent=29441"}],"wp:term":[{"taxonomy":"product_brand","embeddable":true,"href":"https:\/\/kervanmagazacilik.com\/index.php\/wp-json\/wp\/v2\/product_brand?post=29441"},{"taxonomy":"product_cat","embeddable":true,"href":"https:\/\/kervanmagazacilik.com\/index.php\/wp-json\/wp\/v2\/product_cat?post=29441"},{"taxonomy":"product_tag","embeddable":true,"href":"https:\/\/kervanmagazacilik.com\/index.php\/wp-json\/wp\/v2\/product_tag?post=29441"}],"curies":[{"name":"wp","href":"https:\/\/api.w.org\/{rel}","templated":true}]}}