{"id":29352,"date":"2025-07-18T15:08:00","date_gmt":"2025-07-18T12:08:00","guid":{"rendered":"https:\/\/kervanmagazacilik.com\/?post_type=product&#038;p=29352"},"modified":"2025-07-18T15:08:00","modified_gmt":"2025-07-18T12:08:00","slug":"141063010653","status":"publish","type":"product","link":"https:\/\/kervanmagazacilik.com\/index.php\/urun\/141063010653\/","title":{"rendered":"141063010653"},"content":{"rendered":"<p>141063010653<\/p>\n<p>ROSE DREAM HAVLU 90x150cm<\/p>\n<p>HAVLU: 90&#215;150 cm \u00d6l\u00e7\u00fcler +\/- 5 cm de\u011fi\u015fkenlik g\u00f6sterebilir 30 derece y\u0131kama \u00c7ama\u015f\u0131r suyu konamaz Kurutma makinesinde kurutulamaz D\u00fc\u015f\u00fck \u0131s\u0131da \u00fct\u00fclenmelidir<\/p>\n","protected":false},"excerpt":{"rendered":"<p>141063010653 ROSE DREAM HAVLU 90x150cm HAVLU: 90&#215;150 cm \u00d6l\u00e7\u00fcler +\/- 5 cm de\u011fi\u015fkenlik g\u00f6sterebilir 30 derece y\u0131kama \u00c7ama\u015f\u0131r suyu konamaz Kurutma makinesinde kurutulamaz D\u00fc\u015f\u00fck \u0131s\u0131da \u00fct\u00fclenmelidir<\/p>\n","protected":false},"featured_media":29353,"template":"","meta":[],"product_brand":[],"product_cat":[6261],"product_tag":[6486],"class_list":{"0":"post-29352","1":"product","2":"type-product","3":"status-publish","4":"has-post-thumbnail","6":"product_cat-6261","7":"product_tag-6486","9":"first","10":"instock","11":"taxable","12":"shipping-taxable","13":"product-type-simple"},"_links":{"self":[{"href":"https:\/\/kervanmagazacilik.com\/index.php\/wp-json\/wp\/v2\/product\/29352","targetHints":{"allow":["GET"]}}],"collection":[{"href":"https:\/\/kervanmagazacilik.com\/index.php\/wp-json\/wp\/v2\/product"}],"about":[{"href":"https:\/\/kervanmagazacilik.com\/index.php\/wp-json\/wp\/v2\/types\/product"}],"wp:featuredmedia":[{"embeddable":true,"href":"https:\/\/kervanmagazacilik.com\/index.php\/wp-json\/wp\/v2\/media\/29353"}],"wp:attachment":[{"href":"https:\/\/kervanmagazacilik.com\/index.php\/wp-json\/wp\/v2\/media?parent=29352"}],"wp:term":[{"taxonomy":"product_brand","embeddable":true,"href":"https:\/\/kervanmagazacilik.com\/index.php\/wp-json\/wp\/v2\/product_brand?post=29352"},{"taxonomy":"product_cat","embeddable":true,"href":"https:\/\/kervanmagazacilik.com\/index.php\/wp-json\/wp\/v2\/product_cat?post=29352"},{"taxonomy":"product_tag","embeddable":true,"href":"https:\/\/kervanmagazacilik.com\/index.php\/wp-json\/wp\/v2\/product_tag?post=29352"}],"curies":[{"name":"wp","href":"https:\/\/api.w.org\/{rel}","templated":true}]}}