{"id":29342,"date":"2025-07-18T14:59:46","date_gmt":"2025-07-18T11:59:46","guid":{"rendered":"https:\/\/kervanmagazacilik.com\/?post_type=product&#038;p=29342"},"modified":"2025-07-18T14:59:47","modified_gmt":"2025-07-18T11:59:47","slug":"10038fat0023","status":"publish","type":"product","link":"https:\/\/kervanmagazacilik.com\/index.php\/urun\/10038fat0023\/","title":{"rendered":"10038FAT0023"},"content":{"rendered":"<p>10038FAT0023<\/p>\n<p>ARIETTA FITTED CARSAF PEMBE 200x200cm<\/p>\n<p>LAST\u0130KL\u0130 \u00c7AR\u015eAF: 200&#215;200 cm \u00d6l\u00e7\u00fcler +\/- 5 cm de\u011fi\u015fkenlik g\u00f6sterebilir 30 derece y\u0131kama \u00c7ama\u015f\u0131r suyu konamaz Kurutma makinesinde kurutulamaz Normal \u0131s\u0131da \u00fct\u00fclenebilir<\/p>\n","protected":false},"excerpt":{"rendered":"<p>10038FAT0023 ARIETTA FITTED CARSAF PEMBE 200x200cm LAST\u0130KL\u0130 \u00c7AR\u015eAF: 200&#215;200 cm \u00d6l\u00e7\u00fcler +\/- 5 cm de\u011fi\u015fkenlik g\u00f6sterebilir 30 derece y\u0131kama \u00c7ama\u015f\u0131r suyu konamaz Kurutma makinesinde kurutulamaz Normal \u0131s\u0131da \u00fct\u00fclenebilir<\/p>\n","protected":false},"featured_media":29345,"template":"","meta":[],"product_brand":[],"product_cat":[6476],"product_tag":[6482],"class_list":{"0":"post-29342","1":"product","2":"type-product","3":"status-publish","4":"has-post-thumbnail","6":"product_cat-6476","7":"product_tag-10038fat0023","9":"first","10":"instock","11":"taxable","12":"shipping-taxable","13":"product-type-simple"},"_links":{"self":[{"href":"https:\/\/kervanmagazacilik.com\/index.php\/wp-json\/wp\/v2\/product\/29342","targetHints":{"allow":["GET"]}}],"collection":[{"href":"https:\/\/kervanmagazacilik.com\/index.php\/wp-json\/wp\/v2\/product"}],"about":[{"href":"https:\/\/kervanmagazacilik.com\/index.php\/wp-json\/wp\/v2\/types\/product"}],"wp:featuredmedia":[{"embeddable":true,"href":"https:\/\/kervanmagazacilik.com\/index.php\/wp-json\/wp\/v2\/media\/29345"}],"wp:attachment":[{"href":"https:\/\/kervanmagazacilik.com\/index.php\/wp-json\/wp\/v2\/media?parent=29342"}],"wp:term":[{"taxonomy":"product_brand","embeddable":true,"href":"https:\/\/kervanmagazacilik.com\/index.php\/wp-json\/wp\/v2\/product_brand?post=29342"},{"taxonomy":"product_cat","embeddable":true,"href":"https:\/\/kervanmagazacilik.com\/index.php\/wp-json\/wp\/v2\/product_cat?post=29342"},{"taxonomy":"product_tag","embeddable":true,"href":"https:\/\/kervanmagazacilik.com\/index.php\/wp-json\/wp\/v2\/product_tag?post=29342"}],"curies":[{"name":"wp","href":"https:\/\/api.w.org\/{rel}","templated":true}]}}