{"id":29319,"date":"2025-07-18T14:25:23","date_gmt":"2025-07-18T11:25:23","guid":{"rendered":"https:\/\/kervanmagazacilik.com\/?post_type=product&#038;p=29319"},"modified":"2025-07-18T14:25:23","modified_gmt":"2025-07-18T11:25:23","slug":"072017700321","status":"publish","type":"product","link":"https:\/\/kervanmagazacilik.com\/index.php\/urun\/072017700321\/","title":{"rendered":"072017700321"},"content":{"rendered":"<p>072017700321<\/p>\n<p>CALB\u0130NA YUVARLAK KIRLENT KREM<\/p>\n<p>Kuma\u015f; %100 Polyester<br \/>\nAksesuar; %100 Polyester<br \/>\n30 derece narin y\u0131kama<br \/>\n\u00c7ama\u015f\u0131r suyu konamaz<br \/>\nKurutma makinesinde kurutulamaz<br \/>\nD\u00fc\u015f\u00fck \u0131s\u0131da \u00fct\u00fclenmelidir<\/p>\n<p>&nbsp;<\/p>\n","protected":false},"excerpt":{"rendered":"<p>072017700321 CALB\u0130NA YUVARLAK KIRLENT KREM Kuma\u015f; %100 Polyester Aksesuar; %100 Polyester 30 derece narin y\u0131kama \u00c7ama\u015f\u0131r suyu konamaz Kurutma makinesinde kurutulamaz D\u00fc\u015f\u00fck \u0131s\u0131da \u00fct\u00fclenmelidir &nbsp;<\/p>\n","protected":false},"featured_media":29322,"template":"","meta":[],"product_brand":[],"product_cat":[6471],"product_tag":[6472],"class_list":{"0":"post-29319","1":"product","2":"type-product","3":"status-publish","4":"has-post-thumbnail","6":"product_cat-6471","7":"product_tag-6472","9":"first","10":"instock","11":"taxable","12":"shipping-taxable","13":"product-type-simple"},"_links":{"self":[{"href":"https:\/\/kervanmagazacilik.com\/index.php\/wp-json\/wp\/v2\/product\/29319","targetHints":{"allow":["GET"]}}],"collection":[{"href":"https:\/\/kervanmagazacilik.com\/index.php\/wp-json\/wp\/v2\/product"}],"about":[{"href":"https:\/\/kervanmagazacilik.com\/index.php\/wp-json\/wp\/v2\/types\/product"}],"wp:featuredmedia":[{"embeddable":true,"href":"https:\/\/kervanmagazacilik.com\/index.php\/wp-json\/wp\/v2\/media\/29322"}],"wp:attachment":[{"href":"https:\/\/kervanmagazacilik.com\/index.php\/wp-json\/wp\/v2\/media?parent=29319"}],"wp:term":[{"taxonomy":"product_brand","embeddable":true,"href":"https:\/\/kervanmagazacilik.com\/index.php\/wp-json\/wp\/v2\/product_brand?post=29319"},{"taxonomy":"product_cat","embeddable":true,"href":"https:\/\/kervanmagazacilik.com\/index.php\/wp-json\/wp\/v2\/product_cat?post=29319"},{"taxonomy":"product_tag","embeddable":true,"href":"https:\/\/kervanmagazacilik.com\/index.php\/wp-json\/wp\/v2\/product_tag?post=29319"}],"curies":[{"name":"wp","href":"https:\/\/api.w.org\/{rel}","templated":true}]}}