{"id":29318,"date":"2025-07-18T14:23:31","date_gmt":"2025-07-18T11:23:31","guid":{"rendered":"https:\/\/kervanmagazacilik.com\/?post_type=product&#038;p=29318"},"modified":"2025-07-18T14:23:34","modified_gmt":"2025-07-18T11:23:34","slug":"062063030390","status":"publish","type":"product","link":"https:\/\/kervanmagazacilik.com\/index.php\/urun\/062063030390\/","title":{"rendered":"062063030390"},"content":{"rendered":"<p>062063030390<\/p>\n<p>NAGEL BATTANIYE TAS 230x240cm<\/p>\n<p>Kuma\u015f: %58 PAMUK %32 AKR\u0130L\u0130K %10 POLYESTER<br \/>\nAksesuar, %100 polyester<br \/>\n30 derece y\u0131kama<br \/>\n\u00c7ama\u015f\u0131r suyu konamaz<br \/>\nKurutma makinesinde kurutulamaz<br \/>\nD\u00fc\u015f\u00fck \u0131s\u0131da \u00fct\u00fclenmelidir<\/p>\n","protected":false},"excerpt":{"rendered":"<p>062063030390 NAGEL BATTANIYE TAS 230x240cm Kuma\u015f: %58 PAMUK %32 AKR\u0130L\u0130K %10 POLYESTER Aksesuar, %100 polyester 30 derece y\u0131kama \u00c7ama\u015f\u0131r suyu konamaz Kurutma makinesinde kurutulamaz D\u00fc\u015f\u00fck \u0131s\u0131da \u00fct\u00fclenmelidir<\/p>\n","protected":false},"featured_media":0,"template":"","meta":[],"product_brand":[],"product_cat":[6469],"product_tag":[6470],"class_list":{"0":"post-29318","1":"product","2":"type-product","3":"status-publish","5":"product_cat-6469","6":"product_tag-6470","8":"first","9":"instock","10":"taxable","11":"shipping-taxable","12":"product-type-simple"},"_links":{"self":[{"href":"https:\/\/kervanmagazacilik.com\/index.php\/wp-json\/wp\/v2\/product\/29318","targetHints":{"allow":["GET"]}}],"collection":[{"href":"https:\/\/kervanmagazacilik.com\/index.php\/wp-json\/wp\/v2\/product"}],"about":[{"href":"https:\/\/kervanmagazacilik.com\/index.php\/wp-json\/wp\/v2\/types\/product"}],"wp:attachment":[{"href":"https:\/\/kervanmagazacilik.com\/index.php\/wp-json\/wp\/v2\/media?parent=29318"}],"wp:term":[{"taxonomy":"product_brand","embeddable":true,"href":"https:\/\/kervanmagazacilik.com\/index.php\/wp-json\/wp\/v2\/product_brand?post=29318"},{"taxonomy":"product_cat","embeddable":true,"href":"https:\/\/kervanmagazacilik.com\/index.php\/wp-json\/wp\/v2\/product_cat?post=29318"},{"taxonomy":"product_tag","embeddable":true,"href":"https:\/\/kervanmagazacilik.com\/index.php\/wp-json\/wp\/v2\/product_tag?post=29318"}],"curies":[{"name":"wp","href":"https:\/\/api.w.org\/{rel}","templated":true}]}}