{"id":29310,"date":"2025-07-18T14:14:35","date_gmt":"2025-07-18T11:14:35","guid":{"rendered":"https:\/\/kervanmagazacilik.com\/?post_type=product&#038;p=29310"},"modified":"2025-07-18T14:14:36","modified_gmt":"2025-07-18T11:14:36","slug":"012099046078","status":"publish","type":"product","link":"https:\/\/kervanmagazacilik.com\/index.php\/urun\/012099046078\/","title":{"rendered":"012099046078"},"content":{"rendered":"<p>012099046078<\/p>\n<p>PREM\u0130UM YATAK \u00d6RT\u00dcS\u00dc TK. 160X210-220 CM YE\u015e\u0130L<\/p>\n","protected":false},"excerpt":{"rendered":"<p>012099046078 PREM\u0130UM YATAK \u00d6RT\u00dcS\u00dc TK. 160X210-220 CM YE\u015e\u0130L<\/p>\n","protected":false},"featured_media":29312,"template":"","meta":[],"product_brand":[],"product_cat":[2474],"product_tag":[6466],"class_list":{"0":"post-29310","1":"product","2":"type-product","3":"status-publish","4":"has-post-thumbnail","6":"product_cat-2474","7":"product_tag-6466","9":"first","10":"instock","11":"taxable","12":"shipping-taxable","13":"product-type-simple"},"_links":{"self":[{"href":"https:\/\/kervanmagazacilik.com\/index.php\/wp-json\/wp\/v2\/product\/29310","targetHints":{"allow":["GET"]}}],"collection":[{"href":"https:\/\/kervanmagazacilik.com\/index.php\/wp-json\/wp\/v2\/product"}],"about":[{"href":"https:\/\/kervanmagazacilik.com\/index.php\/wp-json\/wp\/v2\/types\/product"}],"wp:featuredmedia":[{"embeddable":true,"href":"https:\/\/kervanmagazacilik.com\/index.php\/wp-json\/wp\/v2\/media\/29312"}],"wp:attachment":[{"href":"https:\/\/kervanmagazacilik.com\/index.php\/wp-json\/wp\/v2\/media?parent=29310"}],"wp:term":[{"taxonomy":"product_brand","embeddable":true,"href":"https:\/\/kervanmagazacilik.com\/index.php\/wp-json\/wp\/v2\/product_brand?post=29310"},{"taxonomy":"product_cat","embeddable":true,"href":"https:\/\/kervanmagazacilik.com\/index.php\/wp-json\/wp\/v2\/product_cat?post=29310"},{"taxonomy":"product_tag","embeddable":true,"href":"https:\/\/kervanmagazacilik.com\/index.php\/wp-json\/wp\/v2\/product_tag?post=29310"}],"curies":[{"name":"wp","href":"https:\/\/api.w.org\/{rel}","templated":true}]}}