{"id":29296,"date":"2025-07-18T12:19:04","date_gmt":"2025-07-18T09:19:04","guid":{"rendered":"https:\/\/kervanmagazacilik.com\/?post_type=product&#038;p=29296"},"modified":"2025-07-18T12:19:04","modified_gmt":"2025-07-18T09:19:04","slug":"012099046069","status":"publish","type":"product","link":"https:\/\/kervanmagazacilik.com\/index.php\/urun\/012099046069\/","title":{"rendered":"012099046069"},"content":{"rendered":"<p>012099046069<\/p>\n<p>V\u0130TAS KAP\u0130TONEL\u0130 YATAK \u00d6RT\u00dcS\u00dc 250X255 CK 3 PRC YE\u015e\u0130L<\/p>\n<p>Kuma\u015f, %100 pamuk<br \/>\nAksesuar, %100 polyester<br \/>\nSadece kuru temizleme yap\u0131lmal\u0131d\u0131r<\/p>\n<p>ALT GRUP: YATAK ODASI TEKST\u0130L\u0130<\/p>\n<p>YATAK \u00d6RT\u00dcS\u00dc: 250X255 CM<br \/>\nYASTIK: 50X70 CM (2 ADET)<\/p>\n<p>&nbsp;<\/p>\n","protected":false},"excerpt":{"rendered":"<p>012099046069 V\u0130TAS KAP\u0130TONEL\u0130 YATAK \u00d6RT\u00dcS\u00dc 250X255 CK 3 PRC YE\u015e\u0130L Kuma\u015f, %100 pamuk Aksesuar, %100 polyester Sadece kuru temizleme yap\u0131lmal\u0131d\u0131r ALT GRUP: YATAK ODASI TEKST\u0130L\u0130 YATAK \u00d6RT\u00dcS\u00dc: 250X255 CM YASTIK: 50X70 CM (2 ADET) &nbsp;<\/p>\n","protected":false},"featured_media":29299,"template":"","meta":[],"product_brand":[],"product_cat":[2085],"product_tag":[6460],"class_list":{"0":"post-29296","1":"product","2":"type-product","3":"status-publish","4":"has-post-thumbnail","6":"product_cat-002hsh","7":"product_tag-6460","9":"first","10":"instock","11":"taxable","12":"shipping-taxable","13":"product-type-simple"},"_links":{"self":[{"href":"https:\/\/kervanmagazacilik.com\/index.php\/wp-json\/wp\/v2\/product\/29296","targetHints":{"allow":["GET"]}}],"collection":[{"href":"https:\/\/kervanmagazacilik.com\/index.php\/wp-json\/wp\/v2\/product"}],"about":[{"href":"https:\/\/kervanmagazacilik.com\/index.php\/wp-json\/wp\/v2\/types\/product"}],"wp:featuredmedia":[{"embeddable":true,"href":"https:\/\/kervanmagazacilik.com\/index.php\/wp-json\/wp\/v2\/media\/29299"}],"wp:attachment":[{"href":"https:\/\/kervanmagazacilik.com\/index.php\/wp-json\/wp\/v2\/media?parent=29296"}],"wp:term":[{"taxonomy":"product_brand","embeddable":true,"href":"https:\/\/kervanmagazacilik.com\/index.php\/wp-json\/wp\/v2\/product_brand?post=29296"},{"taxonomy":"product_cat","embeddable":true,"href":"https:\/\/kervanmagazacilik.com\/index.php\/wp-json\/wp\/v2\/product_cat?post=29296"},{"taxonomy":"product_tag","embeddable":true,"href":"https:\/\/kervanmagazacilik.com\/index.php\/wp-json\/wp\/v2\/product_tag?post=29296"}],"curies":[{"name":"wp","href":"https:\/\/api.w.org\/{rel}","templated":true}]}}