{"id":29280,"date":"2025-07-18T12:04:48","date_gmt":"2025-07-18T09:04:48","guid":{"rendered":"https:\/\/kervanmagazacilik.com\/?post_type=product&#038;p=29280"},"modified":"2025-07-18T12:04:49","modified_gmt":"2025-07-18T09:04:49","slug":"002hsh002338","status":"publish","type":"product","link":"https:\/\/kervanmagazacilik.com\/index.php\/urun\/002hsh002338\/","title":{"rendered":"002HSH002338"},"content":{"rendered":"<p>002HSH002338<\/p>\n<p>ROSE PERLA NEVRESIM TAKIMI CK.TAS 200x220cm 6 PRC<\/p>\n<p>Kuma\u015f, %100 pamuk<br \/>\nAksesuar; %100 Polyester<br \/>\n30 derece narin y\u0131kama<br \/>\n\u00c7ama\u015f\u0131r suyu konamaz<br \/>\nKurutma makinesinde kurutulamaz<br \/>\nD\u00fc\u015f\u00fck \u0131s\u0131da \u00fct\u00fclenmelidir<\/p>\n<p>NEVRES\u0130M: 200X220<br \/>\n\u00c7AR\u015eAF: 250X270<br \/>\nUYKU YASTI\u011eI: 50X70 (2 ADET)<br \/>\nOXFORD YASTIK: 50X70 (2 ADET)<\/p>\n","protected":false},"excerpt":{"rendered":"<p>002HSH002338 ROSE PERLA NEVRESIM TAKIMI CK.TAS 200x220cm 6 PRC Kuma\u015f, %100 pamuk Aksesuar; %100 Polyester 30 derece narin y\u0131kama \u00c7ama\u015f\u0131r suyu konamaz Kurutma makinesinde kurutulamaz D\u00fc\u015f\u00fck \u0131s\u0131da \u00fct\u00fclenmelidir NEVRES\u0130M: 200X220 \u00c7AR\u015eAF: 250X270 UYKU YASTI\u011eI: 50X70 (2 ADET) OXFORD YASTIK: 50X70 (2 ADET)<\/p>\n","protected":false},"featured_media":29285,"template":"","meta":[],"product_brand":[],"product_cat":[2085],"product_tag":[6453],"class_list":{"0":"post-29280","1":"product","2":"type-product","3":"status-publish","4":"has-post-thumbnail","6":"product_cat-002hsh","7":"product_tag-002hsh002338","9":"first","10":"instock","11":"taxable","12":"shipping-taxable","13":"product-type-simple"},"_links":{"self":[{"href":"https:\/\/kervanmagazacilik.com\/index.php\/wp-json\/wp\/v2\/product\/29280","targetHints":{"allow":["GET"]}}],"collection":[{"href":"https:\/\/kervanmagazacilik.com\/index.php\/wp-json\/wp\/v2\/product"}],"about":[{"href":"https:\/\/kervanmagazacilik.com\/index.php\/wp-json\/wp\/v2\/types\/product"}],"wp:featuredmedia":[{"embeddable":true,"href":"https:\/\/kervanmagazacilik.com\/index.php\/wp-json\/wp\/v2\/media\/29285"}],"wp:attachment":[{"href":"https:\/\/kervanmagazacilik.com\/index.php\/wp-json\/wp\/v2\/media?parent=29280"}],"wp:term":[{"taxonomy":"product_brand","embeddable":true,"href":"https:\/\/kervanmagazacilik.com\/index.php\/wp-json\/wp\/v2\/product_brand?post=29280"},{"taxonomy":"product_cat","embeddable":true,"href":"https:\/\/kervanmagazacilik.com\/index.php\/wp-json\/wp\/v2\/product_cat?post=29280"},{"taxonomy":"product_tag","embeddable":true,"href":"https:\/\/kervanmagazacilik.com\/index.php\/wp-json\/wp\/v2\/product_tag?post=29280"}],"curies":[{"name":"wp","href":"https:\/\/api.w.org\/{rel}","templated":true}]}}