{"id":29265,"date":"2025-07-18T09:34:43","date_gmt":"2025-07-18T06:34:43","guid":{"rendered":"https:\/\/kervanmagazacilik.com\/?post_type=product&#038;p=29265"},"modified":"2025-07-18T09:35:08","modified_gmt":"2025-07-18T06:35:08","slug":"900arj000275","status":"publish","type":"product","link":"https:\/\/kervanmagazacilik.com\/index.php\/urun\/900arj000275\/","title":{"rendered":"900ARJ000275"},"content":{"rendered":"<p>900ARJ000275<\/p>\n<p>NOVEN ARANJMAN 20X26 CM<\/p>\n<p>MALZEME: Plastik+Poliresin<br \/>\n\u00d6l\u00e7\u00fcler +\/- 5 cm de\u011fi\u015fkenlik g\u00f6sterebilir<br \/>\nHafif nemli bezle silinebilir<\/p>\n<p>ALT GRUP: DEKORATIF AKSESUAR<\/p>\n","protected":false},"excerpt":{"rendered":"<p>900ARJ000275 NOVEN ARANJMAN 20X26 CM MALZEME: Plastik+Poliresin \u00d6l\u00e7\u00fcler +\/- 5 cm de\u011fi\u015fkenlik g\u00f6sterebilir Hafif nemli bezle silinebilir ALT GRUP: DEKORATIF AKSESUAR<\/p>\n","protected":false},"featured_media":29267,"template":"","meta":[],"product_brand":[],"product_cat":[280],"product_tag":[6448],"class_list":{"0":"post-29265","1":"product","2":"type-product","3":"status-publish","4":"has-post-thumbnail","6":"product_cat-900arj","7":"product_tag-900arj000275","9":"first","10":"instock","11":"taxable","12":"shipping-taxable","13":"product-type-simple"},"_links":{"self":[{"href":"https:\/\/kervanmagazacilik.com\/index.php\/wp-json\/wp\/v2\/product\/29265","targetHints":{"allow":["GET"]}}],"collection":[{"href":"https:\/\/kervanmagazacilik.com\/index.php\/wp-json\/wp\/v2\/product"}],"about":[{"href":"https:\/\/kervanmagazacilik.com\/index.php\/wp-json\/wp\/v2\/types\/product"}],"wp:featuredmedia":[{"embeddable":true,"href":"https:\/\/kervanmagazacilik.com\/index.php\/wp-json\/wp\/v2\/media\/29267"}],"wp:attachment":[{"href":"https:\/\/kervanmagazacilik.com\/index.php\/wp-json\/wp\/v2\/media?parent=29265"}],"wp:term":[{"taxonomy":"product_brand","embeddable":true,"href":"https:\/\/kervanmagazacilik.com\/index.php\/wp-json\/wp\/v2\/product_brand?post=29265"},{"taxonomy":"product_cat","embeddable":true,"href":"https:\/\/kervanmagazacilik.com\/index.php\/wp-json\/wp\/v2\/product_cat?post=29265"},{"taxonomy":"product_tag","embeddable":true,"href":"https:\/\/kervanmagazacilik.com\/index.php\/wp-json\/wp\/v2\/product_tag?post=29265"}],"curies":[{"name":"wp","href":"https:\/\/api.w.org\/{rel}","templated":true}]}}