{"id":29259,"date":"2025-07-18T09:32:27","date_gmt":"2025-07-18T06:32:27","guid":{"rendered":"https:\/\/kervanmagazacilik.com\/?post_type=product&#038;p=29259"},"modified":"2025-07-18T09:32:27","modified_gmt":"2025-07-18T06:32:27","slug":"759arp000330","status":"publish","type":"product","link":"https:\/\/kervanmagazacilik.com\/index.php\/urun\/759arp000330\/","title":{"rendered":"759ARP000330"},"content":{"rendered":"<p>759ARP000330<\/p>\n<p>NE\u015eEL\u0130 BUDA \u015eEMS\u0130YE AYA\u011eI HYK1101 25x26x27 cm GR\u0130<\/p>\n","protected":false},"excerpt":{"rendered":"<p>759ARP000330 NE\u015eEL\u0130 BUDA \u015eEMS\u0130YE AYA\u011eI HYK1101 25x26x27 cm GR\u0130<\/p>\n","protected":false},"featured_media":29261,"template":"","meta":[],"product_brand":[],"product_cat":[206],"product_tag":[6447],"class_list":{"0":"post-29259","1":"product","2":"type-product","3":"status-publish","4":"has-post-thumbnail","6":"product_cat-759arp","7":"product_tag-759arp000330","9":"first","10":"instock","11":"taxable","12":"shipping-taxable","13":"product-type-simple"},"_links":{"self":[{"href":"https:\/\/kervanmagazacilik.com\/index.php\/wp-json\/wp\/v2\/product\/29259","targetHints":{"allow":["GET"]}}],"collection":[{"href":"https:\/\/kervanmagazacilik.com\/index.php\/wp-json\/wp\/v2\/product"}],"about":[{"href":"https:\/\/kervanmagazacilik.com\/index.php\/wp-json\/wp\/v2\/types\/product"}],"wp:featuredmedia":[{"embeddable":true,"href":"https:\/\/kervanmagazacilik.com\/index.php\/wp-json\/wp\/v2\/media\/29261"}],"wp:attachment":[{"href":"https:\/\/kervanmagazacilik.com\/index.php\/wp-json\/wp\/v2\/media?parent=29259"}],"wp:term":[{"taxonomy":"product_brand","embeddable":true,"href":"https:\/\/kervanmagazacilik.com\/index.php\/wp-json\/wp\/v2\/product_brand?post=29259"},{"taxonomy":"product_cat","embeddable":true,"href":"https:\/\/kervanmagazacilik.com\/index.php\/wp-json\/wp\/v2\/product_cat?post=29259"},{"taxonomy":"product_tag","embeddable":true,"href":"https:\/\/kervanmagazacilik.com\/index.php\/wp-json\/wp\/v2\/product_tag?post=29259"}],"curies":[{"name":"wp","href":"https:\/\/api.w.org\/{rel}","templated":true}]}}