{"id":29250,"date":"2025-07-18T09:21:12","date_gmt":"2025-07-18T06:21:12","guid":{"rendered":"https:\/\/kervanmagazacilik.com\/?post_type=product&#038;p=29250"},"modified":"2025-07-18T09:21:12","modified_gmt":"2025-07-18T06:21:12","slug":"072aya000015","status":"publish","type":"product","link":"https:\/\/kervanmagazacilik.com\/index.php\/urun\/072aya000015\/","title":{"rendered":"072AYA000015"},"content":{"rendered":"<p>072AYA000015<\/p>\n<p>EIC-1067 A KIRLENT 30X50 cm<\/p>\n<p>ANA MALZEME : POLYESTER- KETEN<br \/>\n%45 POLYESTER, %30 KETEN , %15 L\u0130YOSEL,%10 V\u0130SKON<br \/>\n\u00dcr\u00fcn yanl\u0131zca kuru temizlemeye uygundur.<\/p>\n","protected":false},"excerpt":{"rendered":"<p>072AYA000015 EIC-1067 A KIRLENT 30X50 cm ANA MALZEME : POLYESTER- KETEN %45 POLYESTER, %30 KETEN , %15 L\u0130YOSEL,%10 V\u0130SKON \u00dcr\u00fcn yanl\u0131zca kuru temizlemeye uygundur.<\/p>\n","protected":false},"featured_media":29254,"template":"","meta":[],"product_brand":[],"product_cat":[4480],"product_tag":[6443],"class_list":{"0":"post-29250","1":"product","2":"type-product","3":"status-publish","4":"has-post-thumbnail","6":"product_cat-072aya","7":"product_tag-072aya000015","9":"first","10":"instock","11":"taxable","12":"shipping-taxable","13":"product-type-simple"},"_links":{"self":[{"href":"https:\/\/kervanmagazacilik.com\/index.php\/wp-json\/wp\/v2\/product\/29250","targetHints":{"allow":["GET"]}}],"collection":[{"href":"https:\/\/kervanmagazacilik.com\/index.php\/wp-json\/wp\/v2\/product"}],"about":[{"href":"https:\/\/kervanmagazacilik.com\/index.php\/wp-json\/wp\/v2\/types\/product"}],"wp:featuredmedia":[{"embeddable":true,"href":"https:\/\/kervanmagazacilik.com\/index.php\/wp-json\/wp\/v2\/media\/29254"}],"wp:attachment":[{"href":"https:\/\/kervanmagazacilik.com\/index.php\/wp-json\/wp\/v2\/media?parent=29250"}],"wp:term":[{"taxonomy":"product_brand","embeddable":true,"href":"https:\/\/kervanmagazacilik.com\/index.php\/wp-json\/wp\/v2\/product_brand?post=29250"},{"taxonomy":"product_cat","embeddable":true,"href":"https:\/\/kervanmagazacilik.com\/index.php\/wp-json\/wp\/v2\/product_cat?post=29250"},{"taxonomy":"product_tag","embeddable":true,"href":"https:\/\/kervanmagazacilik.com\/index.php\/wp-json\/wp\/v2\/product_tag?post=29250"}],"curies":[{"name":"wp","href":"https:\/\/api.w.org\/{rel}","templated":true}]}}