{"id":28800,"date":"2025-07-11T12:17:46","date_gmt":"2025-07-11T09:17:46","guid":{"rendered":"https:\/\/kervanmagazacilik.com\/?post_type=product&#038;p=28800"},"modified":"2025-07-11T12:17:46","modified_gmt":"2025-07-11T09:17:46","slug":"611db0000073","status":"publish","type":"product","link":"https:\/\/kervanmagazacilik.com\/index.php\/urun\/611db0000073\/","title":{"rendered":"611DB0000073"},"content":{"rendered":"<p>611DB0000073<\/p>\n<p>RECL\u0130NER TEKL\u0130 KOLTUK DER\u0130 KAHVE 97x82x97cm R-L036 V\u0130NTAGE C\u0130GAR 11<\/p>\n<p>&nbsp;<\/p>\n","protected":false},"excerpt":{"rendered":"<p>611DB0000073 RECL\u0130NER TEKL\u0130 KOLTUK DER\u0130 KAHVE 97x82x97cm R-L036 V\u0130NTAGE C\u0130GAR 11 &nbsp;<\/p>\n","protected":false},"featured_media":28801,"template":"","meta":[],"product_brand":[],"product_cat":[144],"product_tag":[6301],"class_list":{"0":"post-28800","1":"product","2":"type-product","3":"status-publish","4":"has-post-thumbnail","6":"product_cat-611db","7":"product_tag-611db0000073","9":"first","10":"instock","11":"taxable","12":"shipping-taxable","13":"product-type-simple"},"_links":{"self":[{"href":"https:\/\/kervanmagazacilik.com\/index.php\/wp-json\/wp\/v2\/product\/28800","targetHints":{"allow":["GET"]}}],"collection":[{"href":"https:\/\/kervanmagazacilik.com\/index.php\/wp-json\/wp\/v2\/product"}],"about":[{"href":"https:\/\/kervanmagazacilik.com\/index.php\/wp-json\/wp\/v2\/types\/product"}],"wp:featuredmedia":[{"embeddable":true,"href":"https:\/\/kervanmagazacilik.com\/index.php\/wp-json\/wp\/v2\/media\/28801"}],"wp:attachment":[{"href":"https:\/\/kervanmagazacilik.com\/index.php\/wp-json\/wp\/v2\/media?parent=28800"}],"wp:term":[{"taxonomy":"product_brand","embeddable":true,"href":"https:\/\/kervanmagazacilik.com\/index.php\/wp-json\/wp\/v2\/product_brand?post=28800"},{"taxonomy":"product_cat","embeddable":true,"href":"https:\/\/kervanmagazacilik.com\/index.php\/wp-json\/wp\/v2\/product_cat?post=28800"},{"taxonomy":"product_tag","embeddable":true,"href":"https:\/\/kervanmagazacilik.com\/index.php\/wp-json\/wp\/v2\/product_tag?post=28800"}],"curies":[{"name":"wp","href":"https:\/\/api.w.org\/{rel}","templated":true}]}}