{"id":28696,"date":"2025-07-10T09:53:26","date_gmt":"2025-07-10T06:53:26","guid":{"rendered":"https:\/\/kervanmagazacilik.com\/?post_type=product&#038;p=28696"},"modified":"2025-07-10T09:53:26","modified_gmt":"2025-07-10T06:53:26","slug":"150063001069","status":"publish","type":"product","link":"https:\/\/kervanmagazacilik.com\/index.php\/urun\/150063001069\/","title":{"rendered":"150063001069"},"content":{"rendered":"<p>150063001069<\/p>\n<p>ROSELLE CAMASIR SEPETI<\/p>\n<p>Kuma\u015f, %100 polyester<br \/>\nAksesuar, %100 polyester<br \/>\nSadece kuru bez ile temizleme yap\u0131lmal\u0131r<\/p>\n<p>\u00d6L\u00c7\u00dc:45X60<br \/>\n\u00d6l\u00e7\u00fcler +\/- 5 cm de\u011fi\u015fkenlik g\u00f6sterebilir<\/p>\n<p>ALT GRUP: D\u0130\u011eER TEKST\u0130L \u00dcR\u00dcNLER\u0130<\/p>\n","protected":false},"excerpt":{"rendered":"<p>150063001069 ROSELLE CAMASIR SEPETI Kuma\u015f, %100 polyester Aksesuar, %100 polyester Sadece kuru bez ile temizleme yap\u0131lmal\u0131r \u00d6L\u00c7\u00dc:45X60 \u00d6l\u00e7\u00fcler +\/- 5 cm de\u011fi\u015fkenlik g\u00f6sterebilir ALT GRUP: D\u0130\u011eER TEKST\u0130L \u00dcR\u00dcNLER\u0130<\/p>\n","protected":false},"featured_media":28697,"template":"","meta":[],"product_brand":[],"product_cat":[2150],"product_tag":[6267],"class_list":{"0":"post-28696","1":"product","2":"type-product","3":"status-publish","4":"has-post-thumbnail","6":"product_cat-2150","7":"product_tag-6267","9":"first","10":"instock","11":"taxable","12":"shipping-taxable","13":"product-type-simple"},"_links":{"self":[{"href":"https:\/\/kervanmagazacilik.com\/index.php\/wp-json\/wp\/v2\/product\/28696","targetHints":{"allow":["GET"]}}],"collection":[{"href":"https:\/\/kervanmagazacilik.com\/index.php\/wp-json\/wp\/v2\/product"}],"about":[{"href":"https:\/\/kervanmagazacilik.com\/index.php\/wp-json\/wp\/v2\/types\/product"}],"wp:featuredmedia":[{"embeddable":true,"href":"https:\/\/kervanmagazacilik.com\/index.php\/wp-json\/wp\/v2\/media\/28697"}],"wp:attachment":[{"href":"https:\/\/kervanmagazacilik.com\/index.php\/wp-json\/wp\/v2\/media?parent=28696"}],"wp:term":[{"taxonomy":"product_brand","embeddable":true,"href":"https:\/\/kervanmagazacilik.com\/index.php\/wp-json\/wp\/v2\/product_brand?post=28696"},{"taxonomy":"product_cat","embeddable":true,"href":"https:\/\/kervanmagazacilik.com\/index.php\/wp-json\/wp\/v2\/product_cat?post=28696"},{"taxonomy":"product_tag","embeddable":true,"href":"https:\/\/kervanmagazacilik.com\/index.php\/wp-json\/wp\/v2\/product_tag?post=28696"}],"curies":[{"name":"wp","href":"https:\/\/api.w.org\/{rel}","templated":true}]}}