{"id":28653,"date":"2025-07-10T09:23:00","date_gmt":"2025-07-10T06:23:00","guid":{"rendered":"https:\/\/kervanmagazacilik.com\/?post_type=product&#038;p=28653"},"modified":"2025-07-10T09:23:00","modified_gmt":"2025-07-10T06:23:00","slug":"611r70000287","status":"publish","type":"product","link":"https:\/\/kervanmagazacilik.com\/index.php\/urun\/611r70000287\/","title":{"rendered":"611R70000287"},"content":{"rendered":"<p>611R70000287<\/p>\n<p>\u015e\u00d6M\u0130NE 17x121x106cm TK-012988<\/p>\n","protected":false},"excerpt":{"rendered":"<p>611R70000287 \u015e\u00d6M\u0130NE 17x121x106cm TK-012988<\/p>\n","protected":false},"featured_media":28655,"template":"","meta":[],"product_brand":[],"product_cat":[5143],"product_tag":[6260],"class_list":{"0":"post-28653","1":"product","2":"type-product","3":"status-publish","4":"has-post-thumbnail","6":"product_cat-611r7","7":"product_tag-611r70000287","9":"first","10":"instock","11":"taxable","12":"shipping-taxable","13":"product-type-simple"},"_links":{"self":[{"href":"https:\/\/kervanmagazacilik.com\/index.php\/wp-json\/wp\/v2\/product\/28653","targetHints":{"allow":["GET"]}}],"collection":[{"href":"https:\/\/kervanmagazacilik.com\/index.php\/wp-json\/wp\/v2\/product"}],"about":[{"href":"https:\/\/kervanmagazacilik.com\/index.php\/wp-json\/wp\/v2\/types\/product"}],"wp:featuredmedia":[{"embeddable":true,"href":"https:\/\/kervanmagazacilik.com\/index.php\/wp-json\/wp\/v2\/media\/28655"}],"wp:attachment":[{"href":"https:\/\/kervanmagazacilik.com\/index.php\/wp-json\/wp\/v2\/media?parent=28653"}],"wp:term":[{"taxonomy":"product_brand","embeddable":true,"href":"https:\/\/kervanmagazacilik.com\/index.php\/wp-json\/wp\/v2\/product_brand?post=28653"},{"taxonomy":"product_cat","embeddable":true,"href":"https:\/\/kervanmagazacilik.com\/index.php\/wp-json\/wp\/v2\/product_cat?post=28653"},{"taxonomy":"product_tag","embeddable":true,"href":"https:\/\/kervanmagazacilik.com\/index.php\/wp-json\/wp\/v2\/product_tag?post=28653"}],"curies":[{"name":"wp","href":"https:\/\/api.w.org\/{rel}","templated":true}]}}