{"id":28633,"date":"2025-07-10T08:48:49","date_gmt":"2025-07-10T05:48:49","guid":{"rendered":"https:\/\/kervanmagazacilik.com\/?post_type=product&#038;p=28633"},"modified":"2025-07-10T08:48:49","modified_gmt":"2025-07-10T05:48:49","slug":"611r60001227","status":"publish","type":"product","link":"https:\/\/kervanmagazacilik.com\/index.php\/urun\/611r60001227\/","title":{"rendered":"611R60001227"},"content":{"rendered":"<p>611R60001227<\/p>\n<p>\u00dc\u00c7L\u00dc Z\u0130GON GRI 66x46x62cm TK-13135-TK-13119-TK-13070-TK-13057-TK-012950-TK-7189-RST-6620<\/p>\n","protected":false},"excerpt":{"rendered":"<p>611R60001227 \u00dc\u00c7L\u00dc Z\u0130GON GRI 66x46x62cm TK-13135-TK-13119-TK-13070-TK-13057-TK-012950-TK-7189-RST-6620<\/p>\n","protected":false},"featured_media":28637,"template":"","meta":[],"product_brand":[],"product_cat":[5147],"product_tag":[6255],"class_list":{"0":"post-28633","1":"product","2":"type-product","3":"status-publish","4":"has-post-thumbnail","6":"product_cat-611r6","7":"product_tag-611r60001227","9":"first","10":"instock","11":"taxable","12":"shipping-taxable","13":"product-type-simple"},"_links":{"self":[{"href":"https:\/\/kervanmagazacilik.com\/index.php\/wp-json\/wp\/v2\/product\/28633","targetHints":{"allow":["GET"]}}],"collection":[{"href":"https:\/\/kervanmagazacilik.com\/index.php\/wp-json\/wp\/v2\/product"}],"about":[{"href":"https:\/\/kervanmagazacilik.com\/index.php\/wp-json\/wp\/v2\/types\/product"}],"wp:featuredmedia":[{"embeddable":true,"href":"https:\/\/kervanmagazacilik.com\/index.php\/wp-json\/wp\/v2\/media\/28637"}],"wp:attachment":[{"href":"https:\/\/kervanmagazacilik.com\/index.php\/wp-json\/wp\/v2\/media?parent=28633"}],"wp:term":[{"taxonomy":"product_brand","embeddable":true,"href":"https:\/\/kervanmagazacilik.com\/index.php\/wp-json\/wp\/v2\/product_brand?post=28633"},{"taxonomy":"product_cat","embeddable":true,"href":"https:\/\/kervanmagazacilik.com\/index.php\/wp-json\/wp\/v2\/product_cat?post=28633"},{"taxonomy":"product_tag","embeddable":true,"href":"https:\/\/kervanmagazacilik.com\/index.php\/wp-json\/wp\/v2\/product_tag?post=28633"}],"curies":[{"name":"wp","href":"https:\/\/api.w.org\/{rel}","templated":true}]}}