{"id":28622,"date":"2025-07-10T08:37:10","date_gmt":"2025-07-10T05:37:10","guid":{"rendered":"https:\/\/kervanmagazacilik.com\/?post_type=product&#038;p=28622"},"modified":"2025-07-10T08:37:10","modified_gmt":"2025-07-10T05:37:10","slug":"611r60000928","status":"publish","type":"product","link":"https:\/\/kervanmagazacilik.com\/index.php\/urun\/611r60000928\/","title":{"rendered":"611R60000928"},"content":{"rendered":"<p>611R60000928<\/p>\n<p>Z\u0130GON \u00dc\u00c7L\u00dc KAHVE TK-13135-TK-13119-TK-13070-TK-13057-TK-012950-TK-7189-RST-6620 66x46x62cm<\/p>\n","protected":false},"excerpt":{"rendered":"<p>611R60000928 Z\u0130GON \u00dc\u00c7L\u00dc KAHVE TK-13135-TK-13119-TK-13070-TK-13057-TK-012950-TK-7189-RST-6620 66x46x62cm<\/p>\n","protected":false},"featured_media":28626,"template":"","meta":[],"product_brand":[],"product_cat":[5147],"product_tag":[6252],"class_list":{"0":"post-28622","1":"product","2":"type-product","3":"status-publish","4":"has-post-thumbnail","6":"product_cat-611r6","7":"product_tag-611r60000928","9":"first","10":"instock","11":"taxable","12":"shipping-taxable","13":"product-type-simple"},"_links":{"self":[{"href":"https:\/\/kervanmagazacilik.com\/index.php\/wp-json\/wp\/v2\/product\/28622","targetHints":{"allow":["GET"]}}],"collection":[{"href":"https:\/\/kervanmagazacilik.com\/index.php\/wp-json\/wp\/v2\/product"}],"about":[{"href":"https:\/\/kervanmagazacilik.com\/index.php\/wp-json\/wp\/v2\/types\/product"}],"wp:featuredmedia":[{"embeddable":true,"href":"https:\/\/kervanmagazacilik.com\/index.php\/wp-json\/wp\/v2\/media\/28626"}],"wp:attachment":[{"href":"https:\/\/kervanmagazacilik.com\/index.php\/wp-json\/wp\/v2\/media?parent=28622"}],"wp:term":[{"taxonomy":"product_brand","embeddable":true,"href":"https:\/\/kervanmagazacilik.com\/index.php\/wp-json\/wp\/v2\/product_brand?post=28622"},{"taxonomy":"product_cat","embeddable":true,"href":"https:\/\/kervanmagazacilik.com\/index.php\/wp-json\/wp\/v2\/product_cat?post=28622"},{"taxonomy":"product_tag","embeddable":true,"href":"https:\/\/kervanmagazacilik.com\/index.php\/wp-json\/wp\/v2\/product_tag?post=28622"}],"curies":[{"name":"wp","href":"https:\/\/api.w.org\/{rel}","templated":true}]}}