{"id":28608,"date":"2025-07-08T17:45:23","date_gmt":"2025-07-08T14:45:23","guid":{"rendered":"https:\/\/kervanmagazacilik.com\/?post_type=product&#038;p=28608"},"modified":"2025-07-08T17:45:24","modified_gmt":"2025-07-08T14:45:24","slug":"611cos000006","status":"publish","type":"product","link":"https:\/\/kervanmagazacilik.com\/index.php\/urun\/611cos000006\/","title":{"rendered":"611COS000006"},"content":{"rendered":"<p>611COS000006<\/p>\n<p>CS05-CS07 POLLY F\u0130SKOS SET 4 SANDALYE+SEHPA 61x66x76-100x100x75cm<\/p>\n<p>OLEF\u0130N KUMA\u015e<\/p>\n","protected":false},"excerpt":{"rendered":"<p>611COS000006 CS05-CS07 POLLY F\u0130SKOS SET 4 SANDALYE+SEHPA 61x66x76-100x100x75cm OLEF\u0130N KUMA\u015e<\/p>\n","protected":false},"featured_media":28609,"template":"","meta":[],"product_brand":[],"product_cat":[6242],"product_tag":[6249],"class_list":{"0":"post-28608","1":"product","2":"type-product","3":"status-publish","4":"has-post-thumbnail","6":"product_cat-611cos","7":"product_tag-611cos000006","9":"first","10":"instock","11":"taxable","12":"shipping-taxable","13":"product-type-simple"},"_links":{"self":[{"href":"https:\/\/kervanmagazacilik.com\/index.php\/wp-json\/wp\/v2\/product\/28608","targetHints":{"allow":["GET"]}}],"collection":[{"href":"https:\/\/kervanmagazacilik.com\/index.php\/wp-json\/wp\/v2\/product"}],"about":[{"href":"https:\/\/kervanmagazacilik.com\/index.php\/wp-json\/wp\/v2\/types\/product"}],"wp:featuredmedia":[{"embeddable":true,"href":"https:\/\/kervanmagazacilik.com\/index.php\/wp-json\/wp\/v2\/media\/28609"}],"wp:attachment":[{"href":"https:\/\/kervanmagazacilik.com\/index.php\/wp-json\/wp\/v2\/media?parent=28608"}],"wp:term":[{"taxonomy":"product_brand","embeddable":true,"href":"https:\/\/kervanmagazacilik.com\/index.php\/wp-json\/wp\/v2\/product_brand?post=28608"},{"taxonomy":"product_cat","embeddable":true,"href":"https:\/\/kervanmagazacilik.com\/index.php\/wp-json\/wp\/v2\/product_cat?post=28608"},{"taxonomy":"product_tag","embeddable":true,"href":"https:\/\/kervanmagazacilik.com\/index.php\/wp-json\/wp\/v2\/product_tag?post=28608"}],"curies":[{"name":"wp","href":"https:\/\/api.w.org\/{rel}","templated":true}]}}