{"id":28604,"date":"2025-07-08T17:43:18","date_gmt":"2025-07-08T14:43:18","guid":{"rendered":"https:\/\/kervanmagazacilik.com\/?post_type=product&#038;p=28604"},"modified":"2025-07-08T17:43:19","modified_gmt":"2025-07-08T14:43:19","slug":"611cos000005","status":"publish","type":"product","link":"https:\/\/kervanmagazacilik.com\/index.php\/urun\/611cos000005\/","title":{"rendered":"611COS000005"},"content":{"rendered":"<p>611COS000005<\/p>\n<p>CS05-CS06 POLLY F\u0130SKOS SET 2 SANDALYE+SEHPA 61x66x76-70x70x75cm<\/p>\n<p>OLEF\u0130N KUMA\u015e<\/p>\n<p>&nbsp;<\/p>\n","protected":false},"excerpt":{"rendered":"<p>611COS000005 CS05-CS06 POLLY F\u0130SKOS SET 2 SANDALYE+SEHPA 61x66x76-70x70x75cm OLEF\u0130N KUMA\u015e &nbsp;<\/p>\n","protected":false},"featured_media":28606,"template":"","meta":[],"product_brand":[],"product_cat":[6242],"product_tag":[6248],"class_list":{"0":"post-28604","1":"product","2":"type-product","3":"status-publish","4":"has-post-thumbnail","6":"product_cat-611cos","7":"product_tag-611cos000005","9":"first","10":"instock","11":"taxable","12":"shipping-taxable","13":"product-type-simple"},"_links":{"self":[{"href":"https:\/\/kervanmagazacilik.com\/index.php\/wp-json\/wp\/v2\/product\/28604","targetHints":{"allow":["GET"]}}],"collection":[{"href":"https:\/\/kervanmagazacilik.com\/index.php\/wp-json\/wp\/v2\/product"}],"about":[{"href":"https:\/\/kervanmagazacilik.com\/index.php\/wp-json\/wp\/v2\/types\/product"}],"wp:featuredmedia":[{"embeddable":true,"href":"https:\/\/kervanmagazacilik.com\/index.php\/wp-json\/wp\/v2\/media\/28606"}],"wp:attachment":[{"href":"https:\/\/kervanmagazacilik.com\/index.php\/wp-json\/wp\/v2\/media?parent=28604"}],"wp:term":[{"taxonomy":"product_brand","embeddable":true,"href":"https:\/\/kervanmagazacilik.com\/index.php\/wp-json\/wp\/v2\/product_brand?post=28604"},{"taxonomy":"product_cat","embeddable":true,"href":"https:\/\/kervanmagazacilik.com\/index.php\/wp-json\/wp\/v2\/product_cat?post=28604"},{"taxonomy":"product_tag","embeddable":true,"href":"https:\/\/kervanmagazacilik.com\/index.php\/wp-json\/wp\/v2\/product_tag?post=28604"}],"curies":[{"name":"wp","href":"https:\/\/api.w.org\/{rel}","templated":true}]}}