{"id":28595,"date":"2025-07-08T17:38:51","date_gmt":"2025-07-08T14:38:51","guid":{"rendered":"https:\/\/kervanmagazacilik.com\/?post_type=product&#038;p=28595"},"modified":"2025-07-08T17:38:52","modified_gmt":"2025-07-08T14:38:52","slug":"611cos000001","status":"publish","type":"product","link":"https:\/\/kervanmagazacilik.com\/index.php\/urun\/611cos000001\/","title":{"rendered":"611COS000001"},"content":{"rendered":"<p>611COS000001<\/p>\n<p>CS01 ELY F\u0130SKOS SET 2 SANDALYE+SEHPA 84x74x73-45x45x45cm<\/p>\n<p>OLEF\u0130N KUMA\u015e<\/p>\n<p>&nbsp;<\/p>\n","protected":false},"excerpt":{"rendered":"<p>611COS000001 CS01 ELY F\u0130SKOS SET 2 SANDALYE+SEHPA 84x74x73-45x45x45cm OLEF\u0130N KUMA\u015e &nbsp;<\/p>\n","protected":false},"featured_media":28599,"template":"","meta":[],"product_brand":[],"product_cat":[6242],"product_tag":[6245],"class_list":{"0":"post-28595","1":"product","2":"type-product","3":"status-publish","4":"has-post-thumbnail","6":"product_cat-611cos","7":"product_tag-611cos000001","9":"first","10":"instock","11":"taxable","12":"shipping-taxable","13":"product-type-simple"},"_links":{"self":[{"href":"https:\/\/kervanmagazacilik.com\/index.php\/wp-json\/wp\/v2\/product\/28595","targetHints":{"allow":["GET"]}}],"collection":[{"href":"https:\/\/kervanmagazacilik.com\/index.php\/wp-json\/wp\/v2\/product"}],"about":[{"href":"https:\/\/kervanmagazacilik.com\/index.php\/wp-json\/wp\/v2\/types\/product"}],"wp:featuredmedia":[{"embeddable":true,"href":"https:\/\/kervanmagazacilik.com\/index.php\/wp-json\/wp\/v2\/media\/28599"}],"wp:attachment":[{"href":"https:\/\/kervanmagazacilik.com\/index.php\/wp-json\/wp\/v2\/media?parent=28595"}],"wp:term":[{"taxonomy":"product_brand","embeddable":true,"href":"https:\/\/kervanmagazacilik.com\/index.php\/wp-json\/wp\/v2\/product_brand?post=28595"},{"taxonomy":"product_cat","embeddable":true,"href":"https:\/\/kervanmagazacilik.com\/index.php\/wp-json\/wp\/v2\/product_cat?post=28595"},{"taxonomy":"product_tag","embeddable":true,"href":"https:\/\/kervanmagazacilik.com\/index.php\/wp-json\/wp\/v2\/product_tag?post=28595"}],"curies":[{"name":"wp","href":"https:\/\/api.w.org\/{rel}","templated":true}]}}