{"id":28585,"date":"2025-07-08T17:29:54","date_gmt":"2025-07-08T14:29:54","guid":{"rendered":"https:\/\/kervanmagazacilik.com\/?post_type=product&#038;p=28585"},"modified":"2025-07-08T17:29:54","modified_gmt":"2025-07-08T14:29:54","slug":"759arp000326","status":"publish","type":"product","link":"https:\/\/kervanmagazacilik.com\/index.php\/urun\/759arp000326\/","title":{"rendered":"759ARP000326"},"content":{"rendered":"<p>759ARP000326<\/p>\n<p>F\u0130L TABURE \u015eEMS\u0130YE AYA\u011eI HYK1228 62X52 CM KREM<\/p>\n<p>MALZEME: \u00c7\u0130MENTO-AL\u00c7I<br \/>\nDI\u015e MEKAN KULLANIMINA UYGUNDUR.<\/p>\n","protected":false},"excerpt":{"rendered":"<p>759ARP000326 F\u0130L TABURE \u015eEMS\u0130YE AYA\u011eI HYK1228 62X52 CM KREM MALZEME: \u00c7\u0130MENTO-AL\u00c7I DI\u015e MEKAN KULLANIMINA UYGUNDUR.<\/p>\n","protected":false},"featured_media":28586,"template":"","meta":[],"product_brand":[],"product_cat":[206],"product_tag":[6243],"class_list":{"0":"post-28585","1":"product","2":"type-product","3":"status-publish","4":"has-post-thumbnail","6":"product_cat-759arp","7":"product_tag-759arp000326","9":"first","10":"instock","11":"taxable","12":"shipping-taxable","13":"product-type-simple"},"_links":{"self":[{"href":"https:\/\/kervanmagazacilik.com\/index.php\/wp-json\/wp\/v2\/product\/28585","targetHints":{"allow":["GET"]}}],"collection":[{"href":"https:\/\/kervanmagazacilik.com\/index.php\/wp-json\/wp\/v2\/product"}],"about":[{"href":"https:\/\/kervanmagazacilik.com\/index.php\/wp-json\/wp\/v2\/types\/product"}],"wp:featuredmedia":[{"embeddable":true,"href":"https:\/\/kervanmagazacilik.com\/index.php\/wp-json\/wp\/v2\/media\/28586"}],"wp:attachment":[{"href":"https:\/\/kervanmagazacilik.com\/index.php\/wp-json\/wp\/v2\/media?parent=28585"}],"wp:term":[{"taxonomy":"product_brand","embeddable":true,"href":"https:\/\/kervanmagazacilik.com\/index.php\/wp-json\/wp\/v2\/product_brand?post=28585"},{"taxonomy":"product_cat","embeddable":true,"href":"https:\/\/kervanmagazacilik.com\/index.php\/wp-json\/wp\/v2\/product_cat?post=28585"},{"taxonomy":"product_tag","embeddable":true,"href":"https:\/\/kervanmagazacilik.com\/index.php\/wp-json\/wp\/v2\/product_tag?post=28585"}],"curies":[{"name":"wp","href":"https:\/\/api.w.org\/{rel}","templated":true}]}}