{"id":28584,"date":"2025-07-08T17:35:40","date_gmt":"2025-07-08T14:35:40","guid":{"rendered":"https:\/\/kervanmagazacilik.com\/?post_type=product&#038;p=28584"},"modified":"2025-07-08T17:35:41","modified_gmt":"2025-07-08T14:35:41","slug":"759arp000327","status":"publish","type":"product","link":"https:\/\/kervanmagazacilik.com\/index.php\/urun\/759arp000327\/","title":{"rendered":"759ARP000327"},"content":{"rendered":"<p>759ARP000327<\/p>\n<p>B\u00dcY\u00dcK BUDA \u015eEMS\u0130YE AYA\u011eI 45X58 CM KREM<\/p>\n<p>MALZEME: \u00c7\u0130MENTO-AL\u00c7I<br \/>\nDI\u015e MEKAN KULLANIMINA UYGUNDUR.<\/p>\n","protected":false},"excerpt":{"rendered":"<p>759ARP000327 B\u00dcY\u00dcK BUDA \u015eEMS\u0130YE AYA\u011eI 45X58 CM KREM MALZEME: \u00c7\u0130MENTO-AL\u00c7I DI\u015e MEKAN KULLANIMINA UYGUNDUR.<\/p>\n","protected":false},"featured_media":28591,"template":"","meta":[],"product_brand":[],"product_cat":[206],"product_tag":[6244],"class_list":{"0":"post-28584","1":"product","2":"type-product","3":"status-publish","4":"has-post-thumbnail","6":"product_cat-759arp","7":"product_tag-759arp000327","9":"first","10":"instock","11":"taxable","12":"shipping-taxable","13":"product-type-simple"},"_links":{"self":[{"href":"https:\/\/kervanmagazacilik.com\/index.php\/wp-json\/wp\/v2\/product\/28584","targetHints":{"allow":["GET"]}}],"collection":[{"href":"https:\/\/kervanmagazacilik.com\/index.php\/wp-json\/wp\/v2\/product"}],"about":[{"href":"https:\/\/kervanmagazacilik.com\/index.php\/wp-json\/wp\/v2\/types\/product"}],"wp:featuredmedia":[{"embeddable":true,"href":"https:\/\/kervanmagazacilik.com\/index.php\/wp-json\/wp\/v2\/media\/28591"}],"wp:attachment":[{"href":"https:\/\/kervanmagazacilik.com\/index.php\/wp-json\/wp\/v2\/media?parent=28584"}],"wp:term":[{"taxonomy":"product_brand","embeddable":true,"href":"https:\/\/kervanmagazacilik.com\/index.php\/wp-json\/wp\/v2\/product_brand?post=28584"},{"taxonomy":"product_cat","embeddable":true,"href":"https:\/\/kervanmagazacilik.com\/index.php\/wp-json\/wp\/v2\/product_cat?post=28584"},{"taxonomy":"product_tag","embeddable":true,"href":"https:\/\/kervanmagazacilik.com\/index.php\/wp-json\/wp\/v2\/product_tag?post=28584"}],"curies":[{"name":"wp","href":"https:\/\/api.w.org\/{rel}","templated":true}]}}