{"id":285,"date":"2024-08-12T15:10:12","date_gmt":"2024-08-12T12:10:12","guid":{"rendered":"https:\/\/kervanmagazacilik.com\/?post_type=product&#038;p=285"},"modified":"2024-08-12T15:10:12","modified_gmt":"2024-08-12T12:10:12","slug":"611ac0000510","status":"publish","type":"product","link":"https:\/\/kervanmagazacilik.com\/index.php\/urun\/611ac0000510\/","title":{"rendered":"611AC0000510"},"content":{"rendered":"<p>611AC0000510<\/p>\n<p>PAR\u0130S CH\u0130C D\u0130KD\u00d6RTGEN A\u00c7ILIR YEMEK MASASI KAHVE<\/p>\n<p>112&#215;190-310x77cm 9003000-409<\/p>\n","protected":false},"excerpt":{"rendered":"<p>611AC0000510 PAR\u0130S CH\u0130C D\u0130KD\u00d6RTGEN A\u00c7ILIR YEMEK MASASI KAHVE 112&#215;190-310x77cm 9003000-409<\/p>\n","protected":false},"featured_media":286,"template":"","meta":[],"product_brand":[],"product_cat":[42],"product_tag":[57],"class_list":{"0":"post-285","1":"product","2":"type-product","3":"status-publish","4":"has-post-thumbnail","6":"product_cat-611ac","7":"product_tag-611ac0000510","9":"first","10":"instock","11":"taxable","12":"shipping-taxable","13":"product-type-simple"},"_links":{"self":[{"href":"https:\/\/kervanmagazacilik.com\/index.php\/wp-json\/wp\/v2\/product\/285","targetHints":{"allow":["GET"]}}],"collection":[{"href":"https:\/\/kervanmagazacilik.com\/index.php\/wp-json\/wp\/v2\/product"}],"about":[{"href":"https:\/\/kervanmagazacilik.com\/index.php\/wp-json\/wp\/v2\/types\/product"}],"wp:featuredmedia":[{"embeddable":true,"href":"https:\/\/kervanmagazacilik.com\/index.php\/wp-json\/wp\/v2\/media\/286"}],"wp:attachment":[{"href":"https:\/\/kervanmagazacilik.com\/index.php\/wp-json\/wp\/v2\/media?parent=285"}],"wp:term":[{"taxonomy":"product_brand","embeddable":true,"href":"https:\/\/kervanmagazacilik.com\/index.php\/wp-json\/wp\/v2\/product_brand?post=285"},{"taxonomy":"product_cat","embeddable":true,"href":"https:\/\/kervanmagazacilik.com\/index.php\/wp-json\/wp\/v2\/product_cat?post=285"},{"taxonomy":"product_tag","embeddable":true,"href":"https:\/\/kervanmagazacilik.com\/index.php\/wp-json\/wp\/v2\/product_tag?post=285"}],"curies":[{"name":"wp","href":"https:\/\/api.w.org\/{rel}","templated":true}]}}