{"id":28424,"date":"2025-07-04T16:09:04","date_gmt":"2025-07-04T13:09:04","guid":{"rendered":"https:\/\/kervanmagazacilik.com\/?post_type=product&#038;p=28424"},"modified":"2025-07-04T16:09:04","modified_gmt":"2025-07-04T13:09:04","slug":"241063011940","status":"publish","type":"product","link":"https:\/\/kervanmagazacilik.com\/index.php\/urun\/241063011940\/","title":{"rendered":"241063011940"},"content":{"rendered":"<p>241063011940<\/p>\n<p>BERNET 40X160 RUNNER S\u0130YAH -V\u0130ZON<\/p>\n<p>Kuma\u015f: %100 Polyester<br \/>\nAksesuar, %100 Polyester<br \/>\n30 derece y\u0131kama<br \/>\n\u00c7ama\u015f\u0131r suyu konamaz<br \/>\nKurutma makinesinde kurutulamaz<br \/>\nD\u00fc\u015f\u00fck \u0131s\u0131da \u00fct\u00fclenmelidir<\/p>\n<p>ALT GRUP: SALON TEKST\u0130L\u0130<\/p>\n","protected":false},"excerpt":{"rendered":"<p>241063011940 BERNET 40X160 RUNNER S\u0130YAH -V\u0130ZON Kuma\u015f: %100 Polyester Aksesuar, %100 Polyester 30 derece y\u0131kama \u00c7ama\u015f\u0131r suyu konamaz Kurutma makinesinde kurutulamaz D\u00fc\u015f\u00fck \u0131s\u0131da \u00fct\u00fclenmelidir ALT GRUP: SALON TEKST\u0130L\u0130<\/p>\n","protected":false},"featured_media":28430,"template":"","meta":[],"product_brand":[],"product_cat":[3250],"product_tag":[6198],"class_list":{"0":"post-28424","1":"product","2":"type-product","3":"status-publish","4":"has-post-thumbnail","6":"product_cat-3250","7":"product_tag-6198","9":"first","10":"instock","11":"taxable","12":"shipping-taxable","13":"product-type-simple"},"_links":{"self":[{"href":"https:\/\/kervanmagazacilik.com\/index.php\/wp-json\/wp\/v2\/product\/28424","targetHints":{"allow":["GET"]}}],"collection":[{"href":"https:\/\/kervanmagazacilik.com\/index.php\/wp-json\/wp\/v2\/product"}],"about":[{"href":"https:\/\/kervanmagazacilik.com\/index.php\/wp-json\/wp\/v2\/types\/product"}],"wp:featuredmedia":[{"embeddable":true,"href":"https:\/\/kervanmagazacilik.com\/index.php\/wp-json\/wp\/v2\/media\/28430"}],"wp:attachment":[{"href":"https:\/\/kervanmagazacilik.com\/index.php\/wp-json\/wp\/v2\/media?parent=28424"}],"wp:term":[{"taxonomy":"product_brand","embeddable":true,"href":"https:\/\/kervanmagazacilik.com\/index.php\/wp-json\/wp\/v2\/product_brand?post=28424"},{"taxonomy":"product_cat","embeddable":true,"href":"https:\/\/kervanmagazacilik.com\/index.php\/wp-json\/wp\/v2\/product_cat?post=28424"},{"taxonomy":"product_tag","embeddable":true,"href":"https:\/\/kervanmagazacilik.com\/index.php\/wp-json\/wp\/v2\/product_tag?post=28424"}],"curies":[{"name":"wp","href":"https:\/\/api.w.org\/{rel}","templated":true}]}}