{"id":2838,"date":"2024-08-28T08:05:42","date_gmt":"2024-08-28T05:05:42","guid":{"rendered":"https:\/\/kervanmagazacilik.com\/?post_type=product&#038;p=2838"},"modified":"2024-09-21T07:55:43","modified_gmt":"2024-09-21T04:55:43","slug":"611grs000001","status":"publish","type":"product","link":"https:\/\/kervanmagazacilik.com\/index.php\/urun\/611grs000001\/","title":{"rendered":"611GRS000001"},"content":{"rendered":"<p>611GRS000001<\/p>\n<p>SALLANAN SANDALYE<\/p>\n<p>66x94x95cm 2182R<\/p>\n<p>Al\u00fcminyum+Sentetik Rattan+Kuma\u015f<\/p>\n<p>Minder:50% pamuk, 50% polyester, Yast\u0131k:100% Olefin<\/p>\n<p>Uzun s\u00fcre ya\u011fmura maruz b\u0131rakmak paslanmaya neden olabilir ve bu da zemini lekeleyebilir.<br \/>\nMobilyalar\u0131 sert temizleyiciler veya cila ile temizlemeyin.<br \/>\nD\u0131\u015f mekan \u00fcr\u00fcnlerinizin en uzun kullan\u0131m \u00f6mr\u00fcn\u00fc elde etmek i\u00e7in ya\u011fmur, kar ve do\u011frudan g\u00fcne\u015f \u0131\u015f\u0131\u011f\u0131na uzun s\u00fcre maruz kalmaktan ka\u00e7\u0131n\u0131n. M\u00fcmk\u00fcn oldu\u011funda \u00fcr\u00fcn\u00fc \u00f6rt\u00fcn ve\/veya veranda veya tentelerin alt\u0131na yerle\u015ftirin.<br \/>\nLekeler yumu\u015fak sabun sol\u00fcsyonu ve nemli bez ile \u00e7\u0131kar\u0131labilir.<\/p>\n","protected":false},"excerpt":{"rendered":"<p>611GRS000001 SALLANAN SANDALYE 66x94x95cm 2182R Al\u00fcminyum+Sentetik Rattan+Kuma\u015f Minder:50% pamuk, 50% polyester, Yast\u0131k:100% Olefin Uzun s\u00fcre ya\u011fmura maruz b\u0131rakmak paslanmaya neden olabilir ve bu da zemini lekeleyebilir. Mobilyalar\u0131 sert temizleyiciler veya cila ile temizlemeyin. D\u0131\u015f mekan \u00fcr\u00fcnlerinizin en uzun kullan\u0131m \u00f6mr\u00fcn\u00fc elde etmek i\u00e7in ya\u011fmur, kar ve do\u011frudan g\u00fcne\u015f \u0131\u015f\u0131\u011f\u0131na uzun s\u00fcre maruz kalmaktan ka\u00e7\u0131n\u0131n. M\u00fcmk\u00fcn [&hellip;]<\/p>\n","protected":false},"featured_media":2841,"template":"","meta":[],"product_brand":[],"product_cat":[1027],"product_tag":[791],"class_list":{"0":"post-2838","1":"product","2":"type-product","3":"status-publish","4":"has-post-thumbnail","6":"product_cat-611grs","7":"product_tag-611grs000001","9":"first","10":"instock","11":"taxable","12":"shipping-taxable","13":"product-type-simple"},"_links":{"self":[{"href":"https:\/\/kervanmagazacilik.com\/index.php\/wp-json\/wp\/v2\/product\/2838","targetHints":{"allow":["GET"]}}],"collection":[{"href":"https:\/\/kervanmagazacilik.com\/index.php\/wp-json\/wp\/v2\/product"}],"about":[{"href":"https:\/\/kervanmagazacilik.com\/index.php\/wp-json\/wp\/v2\/types\/product"}],"wp:featuredmedia":[{"embeddable":true,"href":"https:\/\/kervanmagazacilik.com\/index.php\/wp-json\/wp\/v2\/media\/2841"}],"wp:attachment":[{"href":"https:\/\/kervanmagazacilik.com\/index.php\/wp-json\/wp\/v2\/media?parent=2838"}],"wp:term":[{"taxonomy":"product_brand","embeddable":true,"href":"https:\/\/kervanmagazacilik.com\/index.php\/wp-json\/wp\/v2\/product_brand?post=2838"},{"taxonomy":"product_cat","embeddable":true,"href":"https:\/\/kervanmagazacilik.com\/index.php\/wp-json\/wp\/v2\/product_cat?post=2838"},{"taxonomy":"product_tag","embeddable":true,"href":"https:\/\/kervanmagazacilik.com\/index.php\/wp-json\/wp\/v2\/product_tag?post=2838"}],"curies":[{"name":"wp","href":"https:\/\/api.w.org\/{rel}","templated":true}]}}