{"id":28370,"date":"2025-07-04T15:09:00","date_gmt":"2025-07-04T12:09:00","guid":{"rendered":"https:\/\/kervanmagazacilik.com\/?post_type=product&#038;p=28370"},"modified":"2025-07-04T15:09:01","modified_gmt":"2025-07-04T12:09:01","slug":"241max000012","status":"publish","type":"product","link":"https:\/\/kervanmagazacilik.com\/index.php\/urun\/241max000012\/","title":{"rendered":"241MAX000012"},"content":{"rendered":"<p>241MAX000012<\/p>\n<p>ROSENNA 4&#8217;L\u00dc PE\u00c7ETE HALKASI 7X7 CM<\/p>\n<p>Kuma\u015f: %100 polyester Kuma\u015f\u0131n alt y\u00fczeyi ke\u00e7e laminelidir, lazer kesimdir. Halkalar ah\u015fapt\u0131r.<br \/>\nSadece kuru temizleme yap\u0131lmal\u0131d\u0131r<\/p>\n","protected":false},"excerpt":{"rendered":"<p>241MAX000012 ROSENNA 4&#8217;L\u00dc PE\u00c7ETE HALKASI 7X7 CM Kuma\u015f: %100 polyester Kuma\u015f\u0131n alt y\u00fczeyi ke\u00e7e laminelidir, lazer kesimdir. Halkalar ah\u015fapt\u0131r. Sadece kuru temizleme yap\u0131lmal\u0131d\u0131r<\/p>\n","protected":false},"featured_media":28375,"template":"","meta":[],"product_brand":[],"product_cat":[6006],"product_tag":[6191],"class_list":{"0":"post-28370","1":"product","2":"type-product","3":"status-publish","4":"has-post-thumbnail","6":"product_cat-241max","7":"product_tag-241max000012","9":"first","10":"instock","11":"taxable","12":"shipping-taxable","13":"product-type-simple"},"_links":{"self":[{"href":"https:\/\/kervanmagazacilik.com\/index.php\/wp-json\/wp\/v2\/product\/28370","targetHints":{"allow":["GET"]}}],"collection":[{"href":"https:\/\/kervanmagazacilik.com\/index.php\/wp-json\/wp\/v2\/product"}],"about":[{"href":"https:\/\/kervanmagazacilik.com\/index.php\/wp-json\/wp\/v2\/types\/product"}],"wp:featuredmedia":[{"embeddable":true,"href":"https:\/\/kervanmagazacilik.com\/index.php\/wp-json\/wp\/v2\/media\/28375"}],"wp:attachment":[{"href":"https:\/\/kervanmagazacilik.com\/index.php\/wp-json\/wp\/v2\/media?parent=28370"}],"wp:term":[{"taxonomy":"product_brand","embeddable":true,"href":"https:\/\/kervanmagazacilik.com\/index.php\/wp-json\/wp\/v2\/product_brand?post=28370"},{"taxonomy":"product_cat","embeddable":true,"href":"https:\/\/kervanmagazacilik.com\/index.php\/wp-json\/wp\/v2\/product_cat?post=28370"},{"taxonomy":"product_tag","embeddable":true,"href":"https:\/\/kervanmagazacilik.com\/index.php\/wp-json\/wp\/v2\/product_tag?post=28370"}],"curies":[{"name":"wp","href":"https:\/\/api.w.org\/{rel}","templated":true}]}}