{"id":28360,"date":"2025-07-04T15:02:08","date_gmt":"2025-07-04T12:02:08","guid":{"rendered":"https:\/\/kervanmagazacilik.com\/?post_type=product&#038;p=28360"},"modified":"2025-07-04T15:02:08","modified_gmt":"2025-07-04T12:02:08","slug":"241063027894","status":"publish","type":"product","link":"https:\/\/kervanmagazacilik.com\/index.php\/urun\/241063027894\/","title":{"rendered":"241063027894"},"content":{"rendered":"<p>241063027894<\/p>\n<p>CLERTO 160X280 MASA \u00d6RT\u00dcS\u00dc KREM<\/p>\n<p>Kuma\u015f; %100 Polyester<br \/>\nAksesuar: %100 polyester<br \/>\nSadece kuru temizleme yap\u0131lmal\u0131d\u0131r<\/p>\n<p>ALT GRUP: SALON TEKST\u0130L\u0130<\/p>\n","protected":false},"excerpt":{"rendered":"<p>241063027894 CLERTO 160X280 MASA \u00d6RT\u00dcS\u00dc KREM Kuma\u015f; %100 Polyester Aksesuar: %100 polyester Sadece kuru temizleme yap\u0131lmal\u0131d\u0131r ALT GRUP: SALON TEKST\u0130L\u0130<\/p>\n","protected":false},"featured_media":28366,"template":"","meta":[],"product_brand":[],"product_cat":[3250],"product_tag":[6189],"class_list":{"0":"post-28360","1":"product","2":"type-product","3":"status-publish","4":"has-post-thumbnail","6":"product_cat-3250","7":"product_tag-6189","9":"first","10":"instock","11":"taxable","12":"shipping-taxable","13":"product-type-simple"},"_links":{"self":[{"href":"https:\/\/kervanmagazacilik.com\/index.php\/wp-json\/wp\/v2\/product\/28360","targetHints":{"allow":["GET"]}}],"collection":[{"href":"https:\/\/kervanmagazacilik.com\/index.php\/wp-json\/wp\/v2\/product"}],"about":[{"href":"https:\/\/kervanmagazacilik.com\/index.php\/wp-json\/wp\/v2\/types\/product"}],"wp:featuredmedia":[{"embeddable":true,"href":"https:\/\/kervanmagazacilik.com\/index.php\/wp-json\/wp\/v2\/media\/28366"}],"wp:attachment":[{"href":"https:\/\/kervanmagazacilik.com\/index.php\/wp-json\/wp\/v2\/media?parent=28360"}],"wp:term":[{"taxonomy":"product_brand","embeddable":true,"href":"https:\/\/kervanmagazacilik.com\/index.php\/wp-json\/wp\/v2\/product_brand?post=28360"},{"taxonomy":"product_cat","embeddable":true,"href":"https:\/\/kervanmagazacilik.com\/index.php\/wp-json\/wp\/v2\/product_cat?post=28360"},{"taxonomy":"product_tag","embeddable":true,"href":"https:\/\/kervanmagazacilik.com\/index.php\/wp-json\/wp\/v2\/product_tag?post=28360"}],"curies":[{"name":"wp","href":"https:\/\/api.w.org\/{rel}","templated":true}]}}