{"id":28352,"date":"2025-07-04T14:57:16","date_gmt":"2025-07-04T11:57:16","guid":{"rendered":"https:\/\/kervanmagazacilik.com\/?post_type=product&#038;p=28352"},"modified":"2025-07-04T14:57:17","modified_gmt":"2025-07-04T11:57:17","slug":"759den000008","status":"publish","type":"product","link":"https:\/\/kervanmagazacilik.com\/index.php\/urun\/759den000008\/","title":{"rendered":"759DEN000008"},"content":{"rendered":"<p>759DEN000008<\/p>\n<p>TASSEL B\u00dcY\u00dcK MUMLUK 38 CM<\/p>\n<p>Hafif nemli bez ile toz al\u0131nmal\u0131d\u0131r.<\/p>\n","protected":false},"excerpt":{"rendered":"<p>759DEN000008 TASSEL B\u00dcY\u00dcK MUMLUK 38 CM Hafif nemli bez ile toz al\u0131nmal\u0131d\u0131r.<\/p>\n","protected":false},"featured_media":28359,"template":"","meta":[],"product_brand":[],"product_cat":[216],"product_tag":[6187],"class_list":{"0":"post-28352","1":"product","2":"type-product","3":"status-publish","4":"has-post-thumbnail","6":"product_cat-759den","7":"product_tag-759den000008","9":"first","10":"instock","11":"taxable","12":"shipping-taxable","13":"product-type-simple"},"_links":{"self":[{"href":"https:\/\/kervanmagazacilik.com\/index.php\/wp-json\/wp\/v2\/product\/28352","targetHints":{"allow":["GET"]}}],"collection":[{"href":"https:\/\/kervanmagazacilik.com\/index.php\/wp-json\/wp\/v2\/product"}],"about":[{"href":"https:\/\/kervanmagazacilik.com\/index.php\/wp-json\/wp\/v2\/types\/product"}],"wp:featuredmedia":[{"embeddable":true,"href":"https:\/\/kervanmagazacilik.com\/index.php\/wp-json\/wp\/v2\/media\/28359"}],"wp:attachment":[{"href":"https:\/\/kervanmagazacilik.com\/index.php\/wp-json\/wp\/v2\/media?parent=28352"}],"wp:term":[{"taxonomy":"product_brand","embeddable":true,"href":"https:\/\/kervanmagazacilik.com\/index.php\/wp-json\/wp\/v2\/product_brand?post=28352"},{"taxonomy":"product_cat","embeddable":true,"href":"https:\/\/kervanmagazacilik.com\/index.php\/wp-json\/wp\/v2\/product_cat?post=28352"},{"taxonomy":"product_tag","embeddable":true,"href":"https:\/\/kervanmagazacilik.com\/index.php\/wp-json\/wp\/v2\/product_tag?post=28352"}],"curies":[{"name":"wp","href":"https:\/\/api.w.org\/{rel}","templated":true}]}}