{"id":28350,"date":"2025-07-04T14:53:03","date_gmt":"2025-07-04T11:53:03","guid":{"rendered":"https:\/\/kervanmagazacilik.com\/?post_type=product&#038;p=28350"},"modified":"2025-07-04T14:53:05","modified_gmt":"2025-07-04T11:53:05","slug":"759den000007","status":"publish","type":"product","link":"https:\/\/kervanmagazacilik.com\/index.php\/urun\/759den000007\/","title":{"rendered":"759DEN000007"},"content":{"rendered":"<p>759DEN000007<\/p>\n<p>TASSEL K\u00dc\u00c7\u00dcK MUMLUK 33 CM<\/p>\n<p>Hafif nemli bez ile toz al\u0131nmal\u0131d\u0131r.<\/p>\n<p>&nbsp;<\/p>\n","protected":false},"excerpt":{"rendered":"<p>759DEN000007 TASSEL K\u00dc\u00c7\u00dcK MUMLUK 33 CM Hafif nemli bez ile toz al\u0131nmal\u0131d\u0131r. &nbsp;<\/p>\n","protected":false},"featured_media":28351,"template":"","meta":[],"product_brand":[],"product_cat":[216],"product_tag":[6186],"class_list":{"0":"post-28350","1":"product","2":"type-product","3":"status-publish","4":"has-post-thumbnail","6":"product_cat-759den","7":"product_tag-759den000007","9":"first","10":"instock","11":"taxable","12":"shipping-taxable","13":"product-type-simple"},"_links":{"self":[{"href":"https:\/\/kervanmagazacilik.com\/index.php\/wp-json\/wp\/v2\/product\/28350","targetHints":{"allow":["GET"]}}],"collection":[{"href":"https:\/\/kervanmagazacilik.com\/index.php\/wp-json\/wp\/v2\/product"}],"about":[{"href":"https:\/\/kervanmagazacilik.com\/index.php\/wp-json\/wp\/v2\/types\/product"}],"wp:featuredmedia":[{"embeddable":true,"href":"https:\/\/kervanmagazacilik.com\/index.php\/wp-json\/wp\/v2\/media\/28351"}],"wp:attachment":[{"href":"https:\/\/kervanmagazacilik.com\/index.php\/wp-json\/wp\/v2\/media?parent=28350"}],"wp:term":[{"taxonomy":"product_brand","embeddable":true,"href":"https:\/\/kervanmagazacilik.com\/index.php\/wp-json\/wp\/v2\/product_brand?post=28350"},{"taxonomy":"product_cat","embeddable":true,"href":"https:\/\/kervanmagazacilik.com\/index.php\/wp-json\/wp\/v2\/product_cat?post=28350"},{"taxonomy":"product_tag","embeddable":true,"href":"https:\/\/kervanmagazacilik.com\/index.php\/wp-json\/wp\/v2\/product_tag?post=28350"}],"curies":[{"name":"wp","href":"https:\/\/api.w.org\/{rel}","templated":true}]}}