{"id":28271,"date":"2025-07-03T14:09:05","date_gmt":"2025-07-03T11:09:05","guid":{"rendered":"https:\/\/kervanmagazacilik.com\/?post_type=product&#038;p=28271"},"modified":"2025-07-03T14:09:06","modified_gmt":"2025-07-03T11:09:06","slug":"611ps0000145","status":"publish","type":"product","link":"https:\/\/kervanmagazacilik.com\/index.php\/urun\/611ps0000145\/","title":{"rendered":"611PS0000145"},"content":{"rendered":"<p>611PS0000145<\/p>\n<p>KOLTUK TEKL\u0130 70x76x85cm SEA738<\/p>\n<p>Maun Ah\u015fap + Rattan Do\u011fal Sadece nemli bir bezle silin ve ard\u0131ndan kuru bir bezle silin, tozu bir toz bezi ile temizleyin.<\/p>\n","protected":false},"excerpt":{"rendered":"<p>611PS0000145 KOLTUK TEKL\u0130 70x76x85cm SEA738 Maun Ah\u015fap + Rattan Do\u011fal Sadece nemli bir bezle silin ve ard\u0131ndan kuru bir bezle silin, tozu bir toz bezi ile temizleyin.<\/p>\n","protected":false},"featured_media":28272,"template":"","meta":[],"product_brand":[],"product_cat":[74],"product_tag":[6164],"class_list":{"0":"post-28271","1":"product","2":"type-product","3":"status-publish","4":"has-post-thumbnail","6":"product_cat-611ps","7":"product_tag-611ps0000145","9":"first","10":"instock","11":"taxable","12":"shipping-taxable","13":"product-type-simple"},"_links":{"self":[{"href":"https:\/\/kervanmagazacilik.com\/index.php\/wp-json\/wp\/v2\/product\/28271","targetHints":{"allow":["GET"]}}],"collection":[{"href":"https:\/\/kervanmagazacilik.com\/index.php\/wp-json\/wp\/v2\/product"}],"about":[{"href":"https:\/\/kervanmagazacilik.com\/index.php\/wp-json\/wp\/v2\/types\/product"}],"wp:featuredmedia":[{"embeddable":true,"href":"https:\/\/kervanmagazacilik.com\/index.php\/wp-json\/wp\/v2\/media\/28272"}],"wp:attachment":[{"href":"https:\/\/kervanmagazacilik.com\/index.php\/wp-json\/wp\/v2\/media?parent=28271"}],"wp:term":[{"taxonomy":"product_brand","embeddable":true,"href":"https:\/\/kervanmagazacilik.com\/index.php\/wp-json\/wp\/v2\/product_brand?post=28271"},{"taxonomy":"product_cat","embeddable":true,"href":"https:\/\/kervanmagazacilik.com\/index.php\/wp-json\/wp\/v2\/product_cat?post=28271"},{"taxonomy":"product_tag","embeddable":true,"href":"https:\/\/kervanmagazacilik.com\/index.php\/wp-json\/wp\/v2\/product_tag?post=28271"}],"curies":[{"name":"wp","href":"https:\/\/api.w.org\/{rel}","templated":true}]}}