{"id":28245,"date":"2025-07-03T13:45:13","date_gmt":"2025-07-03T10:45:13","guid":{"rendered":"https:\/\/kervanmagazacilik.com\/?post_type=product&#038;p=28245"},"modified":"2025-07-03T13:45:13","modified_gmt":"2025-07-03T10:45:13","slug":"611ps0000128","status":"publish","type":"product","link":"https:\/\/kervanmagazacilik.com\/index.php\/urun\/611ps0000128\/","title":{"rendered":"611PS0000128"},"content":{"rendered":"<p>611PS0000128<\/p>\n<p>DOLAP 120x55x200cm SUN8<\/p>\n<p>T\u0130K-DO\u011eAL RATTAN Sadece nemli bir bezle silin ve ard\u0131ndan kuru bir bezle silin, tozu bir toz bezi ile temizleyin.<\/p>\n","protected":false},"excerpt":{"rendered":"<p>611PS0000128 DOLAP 120x55x200cm SUN8 T\u0130K-DO\u011eAL RATTAN Sadece nemli bir bezle silin ve ard\u0131ndan kuru bir bezle silin, tozu bir toz bezi ile temizleyin.<\/p>\n","protected":false},"featured_media":28246,"template":"","meta":[],"product_brand":[],"product_cat":[74],"product_tag":[6159],"class_list":{"0":"post-28245","1":"product","2":"type-product","3":"status-publish","4":"has-post-thumbnail","6":"product_cat-611ps","7":"product_tag-611ps0000128","9":"first","10":"instock","11":"taxable","12":"shipping-taxable","13":"product-type-simple"},"_links":{"self":[{"href":"https:\/\/kervanmagazacilik.com\/index.php\/wp-json\/wp\/v2\/product\/28245","targetHints":{"allow":["GET"]}}],"collection":[{"href":"https:\/\/kervanmagazacilik.com\/index.php\/wp-json\/wp\/v2\/product"}],"about":[{"href":"https:\/\/kervanmagazacilik.com\/index.php\/wp-json\/wp\/v2\/types\/product"}],"wp:featuredmedia":[{"embeddable":true,"href":"https:\/\/kervanmagazacilik.com\/index.php\/wp-json\/wp\/v2\/media\/28246"}],"wp:attachment":[{"href":"https:\/\/kervanmagazacilik.com\/index.php\/wp-json\/wp\/v2\/media?parent=28245"}],"wp:term":[{"taxonomy":"product_brand","embeddable":true,"href":"https:\/\/kervanmagazacilik.com\/index.php\/wp-json\/wp\/v2\/product_brand?post=28245"},{"taxonomy":"product_cat","embeddable":true,"href":"https:\/\/kervanmagazacilik.com\/index.php\/wp-json\/wp\/v2\/product_cat?post=28245"},{"taxonomy":"product_tag","embeddable":true,"href":"https:\/\/kervanmagazacilik.com\/index.php\/wp-json\/wp\/v2\/product_tag?post=28245"}],"curies":[{"name":"wp","href":"https:\/\/api.w.org\/{rel}","templated":true}]}}