{"id":28242,"date":"2025-07-03T11:16:25","date_gmt":"2025-07-03T08:16:25","guid":{"rendered":"https:\/\/kervanmagazacilik.com\/?post_type=product&#038;p=28242"},"modified":"2025-07-03T11:16:25","modified_gmt":"2025-07-03T08:16:25","slug":"611vr0000042","status":"publish","type":"product","link":"https:\/\/kervanmagazacilik.com\/index.php\/urun\/611vr0000042\/","title":{"rendered":"611VR0000042"},"content":{"rendered":"<p>611VR0000042<\/p>\n<p>PERA KOLTUK TAKIMI 3+1+1+SEHPA ( ATA)<\/p>\n<p>\u00dc\u00c7L\u00dc KOLTUK : 75x200x80cm<\/p>\n<p>TEKL\u0130 KOLTUK : 75x75x80cm<\/p>\n<p>ORTA SEHP : 80x140x62cm<\/p>\n","protected":false},"excerpt":{"rendered":"<p>611VR0000042 PERA KOLTUK TAKIMI 3+1+1+SEHPA ( ATA) \u00dc\u00c7L\u00dc KOLTUK : 75x200x80cm TEKL\u0130 KOLTUK : 75x75x80cm ORTA SEHP : 80x140x62cm<\/p>\n","protected":false},"featured_media":28243,"template":"","meta":[],"product_brand":[],"product_cat":[54],"product_tag":[6158],"class_list":{"0":"post-28242","1":"product","2":"type-product","3":"status-publish","4":"has-post-thumbnail","6":"product_cat-611vr","7":"product_tag-611vr0000042","9":"first","10":"instock","11":"taxable","12":"shipping-taxable","13":"product-type-simple"},"_links":{"self":[{"href":"https:\/\/kervanmagazacilik.com\/index.php\/wp-json\/wp\/v2\/product\/28242","targetHints":{"allow":["GET"]}}],"collection":[{"href":"https:\/\/kervanmagazacilik.com\/index.php\/wp-json\/wp\/v2\/product"}],"about":[{"href":"https:\/\/kervanmagazacilik.com\/index.php\/wp-json\/wp\/v2\/types\/product"}],"wp:featuredmedia":[{"embeddable":true,"href":"https:\/\/kervanmagazacilik.com\/index.php\/wp-json\/wp\/v2\/media\/28243"}],"wp:attachment":[{"href":"https:\/\/kervanmagazacilik.com\/index.php\/wp-json\/wp\/v2\/media?parent=28242"}],"wp:term":[{"taxonomy":"product_brand","embeddable":true,"href":"https:\/\/kervanmagazacilik.com\/index.php\/wp-json\/wp\/v2\/product_brand?post=28242"},{"taxonomy":"product_cat","embeddable":true,"href":"https:\/\/kervanmagazacilik.com\/index.php\/wp-json\/wp\/v2\/product_cat?post=28242"},{"taxonomy":"product_tag","embeddable":true,"href":"https:\/\/kervanmagazacilik.com\/index.php\/wp-json\/wp\/v2\/product_tag?post=28242"}],"curies":[{"name":"wp","href":"https:\/\/api.w.org\/{rel}","templated":true}]}}