{"id":28236,"date":"2025-07-02T08:49:22","date_gmt":"2025-07-02T05:49:22","guid":{"rendered":"https:\/\/kervanmagazacilik.com\/?post_type=product&#038;p=28236"},"modified":"2025-07-02T08:49:23","modified_gmt":"2025-07-02T05:49:23","slug":"611ps0000126","status":"publish","type":"product","link":"https:\/\/kervanmagazacilik.com\/index.php\/urun\/611ps0000126\/","title":{"rendered":"611PS0000126"},"content":{"rendered":"<p>611PS0000126<\/p>\n<p>ORTA SEHPA 130x70x45cm SUN2<\/p>\n<p>Tik A\u011fac\u0131 &#8211; SENTET\u0130K RATTAN 1. Silmek i\u00e7in nemli bir bez kullan\u0131n ve ard\u0131ndan kuru bir bezle silin.<br \/>\n2. G\u00f6lgelenmeyi \u00f6nlemek i\u00e7in y\u00fczeydeki herhangi bir nesnenin konumunu d\u00fczenli olarak de\u011fi\u015ftirmeniz tavsiye edilir. (lambalar, kaseler, vazolar vs&#8230;).<br \/>\n3. Asla d\u00f6k\u00fcnt\u00fc b\u0131rakmay\u0131n, derhal temizleyin. Ger\u00e7ekten de, baz\u0131 s\u0131v\u0131lar 2 saatten fazla masa \u00fczerinde b\u0131rak\u0131l\u0131rsa iz b\u0131rakabilir.<br \/>\n4. \u0130\u015faretlenmeye kar\u015f\u0131 koruma i\u00e7in, s\u0131cak nesneleri \u00fcst k\u0131s\u0131mlara yerle\u015ftirirken her zaman masa paspaslar\u0131 veya bezleri kullan\u0131lmal\u0131d\u0131r.<br \/>\n5. Yaz\u0131 yazarken, y\u00fczeyi i\u015faretlenmeye kar\u015f\u0131 korumak i\u00e7in koruyucu bir paspas kullan\u0131lmas\u0131 tavsiye edilir.<br \/>\n6. Mobilya, modern bir evdeki t\u00fcm s\u0131cakl\u0131klara dayanacakt\u0131r. Bununla birlikte, radyat\u00f6rlerden veya di\u011fer do\u011frudan \u0131s\u0131 kaynaklar\u0131ndan uzakta konumland\u0131r\u0131lmas\u0131 da \u015fiddetle tavsiye edilir,<br \/>\n7. Ah\u015fap mobilyalar\u0131n\u0131z\u0131n zarar g\u00f6rmesine neden olabilecek a\u015f\u0131r\u0131 nemden de ka\u00e7\u0131nman\u0131z gerekecektir. Ah\u015fap ya\u015fayan bir malzemedir ve evinizin ko\u015fullar\u0131na uyum sa\u011flayacakt\u0131r.<\/p>\n","protected":false},"excerpt":{"rendered":"<p>611PS0000126 ORTA SEHPA 130x70x45cm SUN2 Tik A\u011fac\u0131 &#8211; SENTET\u0130K RATTAN 1. Silmek i\u00e7in nemli bir bez kullan\u0131n ve ard\u0131ndan kuru bir bezle silin. 2. G\u00f6lgelenmeyi \u00f6nlemek i\u00e7in y\u00fczeydeki herhangi bir nesnenin konumunu d\u00fczenli olarak de\u011fi\u015ftirmeniz tavsiye edilir. (lambalar, kaseler, vazolar vs&#8230;). 3. Asla d\u00f6k\u00fcnt\u00fc b\u0131rakmay\u0131n, derhal temizleyin. Ger\u00e7ekten de, baz\u0131 s\u0131v\u0131lar 2 saatten fazla masa [&hellip;]<\/p>\n","protected":false},"featured_media":28237,"template":"","meta":[],"product_brand":[],"product_cat":[74],"product_tag":[6157],"class_list":{"0":"post-28236","1":"product","2":"type-product","3":"status-publish","4":"has-post-thumbnail","6":"product_cat-611ps","7":"product_tag-611ps0000126","9":"first","10":"instock","11":"taxable","12":"shipping-taxable","13":"product-type-simple"},"_links":{"self":[{"href":"https:\/\/kervanmagazacilik.com\/index.php\/wp-json\/wp\/v2\/product\/28236","targetHints":{"allow":["GET"]}}],"collection":[{"href":"https:\/\/kervanmagazacilik.com\/index.php\/wp-json\/wp\/v2\/product"}],"about":[{"href":"https:\/\/kervanmagazacilik.com\/index.php\/wp-json\/wp\/v2\/types\/product"}],"wp:featuredmedia":[{"embeddable":true,"href":"https:\/\/kervanmagazacilik.com\/index.php\/wp-json\/wp\/v2\/media\/28237"}],"wp:attachment":[{"href":"https:\/\/kervanmagazacilik.com\/index.php\/wp-json\/wp\/v2\/media?parent=28236"}],"wp:term":[{"taxonomy":"product_brand","embeddable":true,"href":"https:\/\/kervanmagazacilik.com\/index.php\/wp-json\/wp\/v2\/product_brand?post=28236"},{"taxonomy":"product_cat","embeddable":true,"href":"https:\/\/kervanmagazacilik.com\/index.php\/wp-json\/wp\/v2\/product_cat?post=28236"},{"taxonomy":"product_tag","embeddable":true,"href":"https:\/\/kervanmagazacilik.com\/index.php\/wp-json\/wp\/v2\/product_tag?post=28236"}],"curies":[{"name":"wp","href":"https:\/\/api.w.org\/{rel}","templated":true}]}}