{"id":28216,"date":"2025-07-02T08:25:45","date_gmt":"2025-07-02T05:25:45","guid":{"rendered":"https:\/\/kervanmagazacilik.com\/?post_type=product&#038;p=28216"},"modified":"2025-07-02T08:25:46","modified_gmt":"2025-07-02T05:25:46","slug":"611ps0000121","status":"publish","type":"product","link":"https:\/\/kervanmagazacilik.com\/index.php\/urun\/611ps0000121\/","title":{"rendered":"611PS0000121"},"content":{"rendered":"<p>611PS0000121<\/p>\n<p>KONSOL 5 \u00c7EKMECEL\u0130 2 KAPILI 150x45x80cm KSU1<\/p>\n<p>Bayur Ah\u015fap + MDF P2 + Kaplama Mindi Sadece nemli bir bezle silin ve ard\u0131ndan kuru bir bezle silin, tozu bir toz bezi ile temizleyin.<\/p>\n","protected":false},"excerpt":{"rendered":"<p>611PS0000121 KONSOL 5 \u00c7EKMECEL\u0130 2 KAPILI 150x45x80cm KSU1 Bayur Ah\u015fap + MDF P2 + Kaplama Mindi Sadece nemli bir bezle silin ve ard\u0131ndan kuru bir bezle silin, tozu bir toz bezi ile temizleyin.<\/p>\n","protected":false},"featured_media":28217,"template":"","meta":[],"product_brand":[],"product_cat":[74],"product_tag":[6152],"class_list":{"0":"post-28216","1":"product","2":"type-product","3":"status-publish","4":"has-post-thumbnail","6":"product_cat-611ps","7":"product_tag-611ps0000121","9":"first","10":"instock","11":"taxable","12":"shipping-taxable","13":"product-type-simple"},"_links":{"self":[{"href":"https:\/\/kervanmagazacilik.com\/index.php\/wp-json\/wp\/v2\/product\/28216","targetHints":{"allow":["GET"]}}],"collection":[{"href":"https:\/\/kervanmagazacilik.com\/index.php\/wp-json\/wp\/v2\/product"}],"about":[{"href":"https:\/\/kervanmagazacilik.com\/index.php\/wp-json\/wp\/v2\/types\/product"}],"wp:featuredmedia":[{"embeddable":true,"href":"https:\/\/kervanmagazacilik.com\/index.php\/wp-json\/wp\/v2\/media\/28217"}],"wp:attachment":[{"href":"https:\/\/kervanmagazacilik.com\/index.php\/wp-json\/wp\/v2\/media?parent=28216"}],"wp:term":[{"taxonomy":"product_brand","embeddable":true,"href":"https:\/\/kervanmagazacilik.com\/index.php\/wp-json\/wp\/v2\/product_brand?post=28216"},{"taxonomy":"product_cat","embeddable":true,"href":"https:\/\/kervanmagazacilik.com\/index.php\/wp-json\/wp\/v2\/product_cat?post=28216"},{"taxonomy":"product_tag","embeddable":true,"href":"https:\/\/kervanmagazacilik.com\/index.php\/wp-json\/wp\/v2\/product_tag?post=28216"}],"curies":[{"name":"wp","href":"https:\/\/api.w.org\/{rel}","templated":true}]}}