{"id":28212,"date":"2025-07-02T08:24:00","date_gmt":"2025-07-02T05:24:00","guid":{"rendered":"https:\/\/kervanmagazacilik.com\/?post_type=product&#038;p=28212"},"modified":"2025-07-02T08:24:00","modified_gmt":"2025-07-02T05:24:00","slug":"611ps0000117","status":"publish","type":"product","link":"https:\/\/kervanmagazacilik.com\/index.php\/urun\/611ps0000117\/","title":{"rendered":"611PS0000117"},"content":{"rendered":"<p>611PS0000117<\/p>\n<p>BAR SANDALYES\u0130 45x30x65cm SEA766<\/p>\n<p>Maun Ah\u015fap Sadece nemli bir bezle silin ve ard\u0131ndan kuru bir bezle silin, tozu bir toz bezi ile temizleyin.<\/p>\n","protected":false},"excerpt":{"rendered":"<p>611PS0000117 BAR SANDALYES\u0130 45x30x65cm SEA766 Maun Ah\u015fap Sadece nemli bir bezle silin ve ard\u0131ndan kuru bir bezle silin, tozu bir toz bezi ile temizleyin.<\/p>\n","protected":false},"featured_media":28213,"template":"","meta":[],"product_brand":[],"product_cat":[74],"product_tag":[6151],"class_list":{"0":"post-28212","1":"product","2":"type-product","3":"status-publish","4":"has-post-thumbnail","6":"product_cat-611ps","7":"product_tag-611ps0000117","9":"first","10":"instock","11":"taxable","12":"shipping-taxable","13":"product-type-simple"},"_links":{"self":[{"href":"https:\/\/kervanmagazacilik.com\/index.php\/wp-json\/wp\/v2\/product\/28212","targetHints":{"allow":["GET"]}}],"collection":[{"href":"https:\/\/kervanmagazacilik.com\/index.php\/wp-json\/wp\/v2\/product"}],"about":[{"href":"https:\/\/kervanmagazacilik.com\/index.php\/wp-json\/wp\/v2\/types\/product"}],"wp:featuredmedia":[{"embeddable":true,"href":"https:\/\/kervanmagazacilik.com\/index.php\/wp-json\/wp\/v2\/media\/28213"}],"wp:attachment":[{"href":"https:\/\/kervanmagazacilik.com\/index.php\/wp-json\/wp\/v2\/media?parent=28212"}],"wp:term":[{"taxonomy":"product_brand","embeddable":true,"href":"https:\/\/kervanmagazacilik.com\/index.php\/wp-json\/wp\/v2\/product_brand?post=28212"},{"taxonomy":"product_cat","embeddable":true,"href":"https:\/\/kervanmagazacilik.com\/index.php\/wp-json\/wp\/v2\/product_cat?post=28212"},{"taxonomy":"product_tag","embeddable":true,"href":"https:\/\/kervanmagazacilik.com\/index.php\/wp-json\/wp\/v2\/product_tag?post=28212"}],"curies":[{"name":"wp","href":"https:\/\/api.w.org\/{rel}","templated":true}]}}