{"id":28203,"date":"2025-07-01T17:20:37","date_gmt":"2025-07-01T14:20:37","guid":{"rendered":"https:\/\/kervanmagazacilik.com\/?post_type=product&#038;p=28203"},"modified":"2025-07-01T17:20:38","modified_gmt":"2025-07-01T14:20:38","slug":"611ps0000116","status":"publish","type":"product","link":"https:\/\/kervanmagazacilik.com\/index.php\/urun\/611ps0000116\/","title":{"rendered":"611PS0000116"},"content":{"rendered":"<p>611PS0000116<\/p>\n<p>TV \u00dcN\u0130TES\u0130 140x40x50cm RWL5<\/p>\n<p>Bayur Ah\u015fap + MDF P2 + Kaplama Mindi + Kakma Tozu bir toz bezi ile temizleyin.<\/p>\n","protected":false},"excerpt":{"rendered":"<p>611PS0000116 TV \u00dcN\u0130TES\u0130 140x40x50cm RWL5 Bayur Ah\u015fap + MDF P2 + Kaplama Mindi + Kakma Tozu bir toz bezi ile temizleyin.<\/p>\n","protected":false},"featured_media":28206,"template":"","meta":[],"product_brand":[],"product_cat":[74],"product_tag":[6149],"class_list":{"0":"post-28203","1":"product","2":"type-product","3":"status-publish","4":"has-post-thumbnail","6":"product_cat-611ps","7":"product_tag-611ps0000116","9":"first","10":"instock","11":"taxable","12":"shipping-taxable","13":"product-type-simple"},"_links":{"self":[{"href":"https:\/\/kervanmagazacilik.com\/index.php\/wp-json\/wp\/v2\/product\/28203","targetHints":{"allow":["GET"]}}],"collection":[{"href":"https:\/\/kervanmagazacilik.com\/index.php\/wp-json\/wp\/v2\/product"}],"about":[{"href":"https:\/\/kervanmagazacilik.com\/index.php\/wp-json\/wp\/v2\/types\/product"}],"wp:featuredmedia":[{"embeddable":true,"href":"https:\/\/kervanmagazacilik.com\/index.php\/wp-json\/wp\/v2\/media\/28206"}],"wp:attachment":[{"href":"https:\/\/kervanmagazacilik.com\/index.php\/wp-json\/wp\/v2\/media?parent=28203"}],"wp:term":[{"taxonomy":"product_brand","embeddable":true,"href":"https:\/\/kervanmagazacilik.com\/index.php\/wp-json\/wp\/v2\/product_brand?post=28203"},{"taxonomy":"product_cat","embeddable":true,"href":"https:\/\/kervanmagazacilik.com\/index.php\/wp-json\/wp\/v2\/product_cat?post=28203"},{"taxonomy":"product_tag","embeddable":true,"href":"https:\/\/kervanmagazacilik.com\/index.php\/wp-json\/wp\/v2\/product_tag?post=28203"}],"curies":[{"name":"wp","href":"https:\/\/api.w.org\/{rel}","templated":true}]}}