{"id":28161,"date":"2025-07-01T16:41:25","date_gmt":"2025-07-01T13:41:25","guid":{"rendered":"https:\/\/kervanmagazacilik.com\/?post_type=product&#038;p=28161"},"modified":"2025-07-01T16:41:25","modified_gmt":"2025-07-01T13:41:25","slug":"900jia000042","status":"publish","type":"product","link":"https:\/\/kervanmagazacilik.com\/index.php\/urun\/900jia000042\/","title":{"rendered":"900JIA000042"},"content":{"rendered":"<p>900JIA000042<\/p>\n<p>HA5LNDMGM21OG3 YAPAY G\u00dcL \u00c7\u0130\u00c7E\u011e\u0130 KIRMIZI 51 CM<\/p>\n","protected":false},"excerpt":{"rendered":"<p>900JIA000042 HA5LNDMGM21OG3 YAPAY G\u00dcL \u00c7\u0130\u00c7E\u011e\u0130 KIRMIZI 51 CM<\/p>\n","protected":false},"featured_media":28162,"template":"","meta":[],"product_brand":[],"product_cat":[285],"product_tag":[6139],"class_list":{"0":"post-28161","1":"product","2":"type-product","3":"status-publish","4":"has-post-thumbnail","6":"product_cat-900jia","7":"product_tag-900jia000042","9":"first","10":"instock","11":"taxable","12":"shipping-taxable","13":"product-type-simple"},"_links":{"self":[{"href":"https:\/\/kervanmagazacilik.com\/index.php\/wp-json\/wp\/v2\/product\/28161","targetHints":{"allow":["GET"]}}],"collection":[{"href":"https:\/\/kervanmagazacilik.com\/index.php\/wp-json\/wp\/v2\/product"}],"about":[{"href":"https:\/\/kervanmagazacilik.com\/index.php\/wp-json\/wp\/v2\/types\/product"}],"wp:featuredmedia":[{"embeddable":true,"href":"https:\/\/kervanmagazacilik.com\/index.php\/wp-json\/wp\/v2\/media\/28162"}],"wp:attachment":[{"href":"https:\/\/kervanmagazacilik.com\/index.php\/wp-json\/wp\/v2\/media?parent=28161"}],"wp:term":[{"taxonomy":"product_brand","embeddable":true,"href":"https:\/\/kervanmagazacilik.com\/index.php\/wp-json\/wp\/v2\/product_brand?post=28161"},{"taxonomy":"product_cat","embeddable":true,"href":"https:\/\/kervanmagazacilik.com\/index.php\/wp-json\/wp\/v2\/product_cat?post=28161"},{"taxonomy":"product_tag","embeddable":true,"href":"https:\/\/kervanmagazacilik.com\/index.php\/wp-json\/wp\/v2\/product_tag?post=28161"}],"curies":[{"name":"wp","href":"https:\/\/api.w.org\/{rel}","templated":true}]}}