{"id":28150,"date":"2025-07-01T16:29:53","date_gmt":"2025-07-01T13:29:53","guid":{"rendered":"https:\/\/kervanmagazacilik.com\/?post_type=product&#038;p=28150"},"modified":"2025-07-01T16:29:53","modified_gmt":"2025-07-01T13:29:53","slug":"900jia000037","status":"publish","type":"product","link":"https:\/\/kervanmagazacilik.com\/index.php\/urun\/900jia000037\/","title":{"rendered":"900JIA000037"},"content":{"rendered":"<p>900JIA000037<\/p>\n<p>HA4XYD1840CCU2596 YAPAY DAHLIA \u00c7\u0130\u00c7E\u011e\u0130 CU2596X 61 CM<\/p>\n","protected":false},"excerpt":{"rendered":"<p>900JIA000037 HA4XYD1840CCU2596 YAPAY DAHLIA \u00c7\u0130\u00c7E\u011e\u0130 CU2596X 61 CM<\/p>\n","protected":false},"featured_media":28152,"template":"","meta":[],"product_brand":[],"product_cat":[285],"product_tag":[6136],"class_list":{"0":"post-28150","1":"product","2":"type-product","3":"status-publish","4":"has-post-thumbnail","6":"product_cat-900jia","7":"product_tag-900jia000037","9":"first","10":"instock","11":"taxable","12":"shipping-taxable","13":"product-type-simple"},"_links":{"self":[{"href":"https:\/\/kervanmagazacilik.com\/index.php\/wp-json\/wp\/v2\/product\/28150","targetHints":{"allow":["GET"]}}],"collection":[{"href":"https:\/\/kervanmagazacilik.com\/index.php\/wp-json\/wp\/v2\/product"}],"about":[{"href":"https:\/\/kervanmagazacilik.com\/index.php\/wp-json\/wp\/v2\/types\/product"}],"wp:featuredmedia":[{"embeddable":true,"href":"https:\/\/kervanmagazacilik.com\/index.php\/wp-json\/wp\/v2\/media\/28152"}],"wp:attachment":[{"href":"https:\/\/kervanmagazacilik.com\/index.php\/wp-json\/wp\/v2\/media?parent=28150"}],"wp:term":[{"taxonomy":"product_brand","embeddable":true,"href":"https:\/\/kervanmagazacilik.com\/index.php\/wp-json\/wp\/v2\/product_brand?post=28150"},{"taxonomy":"product_cat","embeddable":true,"href":"https:\/\/kervanmagazacilik.com\/index.php\/wp-json\/wp\/v2\/product_cat?post=28150"},{"taxonomy":"product_tag","embeddable":true,"href":"https:\/\/kervanmagazacilik.com\/index.php\/wp-json\/wp\/v2\/product_tag?post=28150"}],"curies":[{"name":"wp","href":"https:\/\/api.w.org\/{rel}","templated":true}]}}