{"id":28144,"date":"2025-07-01T16:19:13","date_gmt":"2025-07-01T13:19:13","guid":{"rendered":"https:\/\/kervanmagazacilik.com\/?post_type=product&#038;p=28144"},"modified":"2025-07-01T16:19:13","modified_gmt":"2025-07-01T13:19:13","slug":"900jia000035","status":"publish","type":"product","link":"https:\/\/kervanmagazacilik.com\/index.php\/urun\/900jia000035\/","title":{"rendered":"900JIA000035"},"content":{"rendered":"<h3>900JIA000035<\/h3>\n<p>HA5SJHY2415DLPK12 YAPAY DAHLIA \u00c7\u0130\u00c7E\u011e\u0130 PEMBE 62 CM<\/p>\n","protected":false},"excerpt":{"rendered":"<p>900JIA000035 HA5SJHY2415DLPK12 YAPAY DAHLIA \u00c7\u0130\u00c7E\u011e\u0130 PEMBE 62 CM<\/p>\n","protected":false},"featured_media":28145,"template":"","meta":[],"product_brand":[],"product_cat":[285],"product_tag":[6134],"class_list":{"0":"post-28144","1":"product","2":"type-product","3":"status-publish","4":"has-post-thumbnail","6":"product_cat-900jia","7":"product_tag-900jia000035","9":"first","10":"instock","11":"taxable","12":"shipping-taxable","13":"product-type-simple"},"_links":{"self":[{"href":"https:\/\/kervanmagazacilik.com\/index.php\/wp-json\/wp\/v2\/product\/28144","targetHints":{"allow":["GET"]}}],"collection":[{"href":"https:\/\/kervanmagazacilik.com\/index.php\/wp-json\/wp\/v2\/product"}],"about":[{"href":"https:\/\/kervanmagazacilik.com\/index.php\/wp-json\/wp\/v2\/types\/product"}],"wp:featuredmedia":[{"embeddable":true,"href":"https:\/\/kervanmagazacilik.com\/index.php\/wp-json\/wp\/v2\/media\/28145"}],"wp:attachment":[{"href":"https:\/\/kervanmagazacilik.com\/index.php\/wp-json\/wp\/v2\/media?parent=28144"}],"wp:term":[{"taxonomy":"product_brand","embeddable":true,"href":"https:\/\/kervanmagazacilik.com\/index.php\/wp-json\/wp\/v2\/product_brand?post=28144"},{"taxonomy":"product_cat","embeddable":true,"href":"https:\/\/kervanmagazacilik.com\/index.php\/wp-json\/wp\/v2\/product_cat?post=28144"},{"taxonomy":"product_tag","embeddable":true,"href":"https:\/\/kervanmagazacilik.com\/index.php\/wp-json\/wp\/v2\/product_tag?post=28144"}],"curies":[{"name":"wp","href":"https:\/\/api.w.org\/{rel}","templated":true}]}}