{"id":28118,"date":"2025-07-01T15:25:54","date_gmt":"2025-07-01T12:25:54","guid":{"rendered":"https:\/\/kervanmagazacilik.com\/?post_type=product&#038;p=28118"},"modified":"2025-07-01T15:25:54","modified_gmt":"2025-07-01T12:25:54","slug":"900jia000025","status":"publish","type":"product","link":"https:\/\/kervanmagazacilik.com\/index.php\/urun\/900jia000025\/","title":{"rendered":"900JIA000025"},"content":{"rendered":"<p>900JIA000025<\/p>\n<p>HA4CL234955FGY KED\u0130 S\u00d6\u011e\u00dcT DALI GR\u0130 95 CM<\/p>\n","protected":false},"excerpt":{"rendered":"<p>900JIA000025 HA4CL234955FGY KED\u0130 S\u00d6\u011e\u00dcT DALI GR\u0130 95 CM<\/p>\n","protected":false},"featured_media":28121,"template":"","meta":[],"product_brand":[],"product_cat":[285],"product_tag":[6127],"class_list":{"0":"post-28118","1":"product","2":"type-product","3":"status-publish","4":"has-post-thumbnail","6":"product_cat-900jia","7":"product_tag-900jia000025","9":"first","10":"instock","11":"taxable","12":"shipping-taxable","13":"product-type-simple"},"_links":{"self":[{"href":"https:\/\/kervanmagazacilik.com\/index.php\/wp-json\/wp\/v2\/product\/28118","targetHints":{"allow":["GET"]}}],"collection":[{"href":"https:\/\/kervanmagazacilik.com\/index.php\/wp-json\/wp\/v2\/product"}],"about":[{"href":"https:\/\/kervanmagazacilik.com\/index.php\/wp-json\/wp\/v2\/types\/product"}],"wp:featuredmedia":[{"embeddable":true,"href":"https:\/\/kervanmagazacilik.com\/index.php\/wp-json\/wp\/v2\/media\/28121"}],"wp:attachment":[{"href":"https:\/\/kervanmagazacilik.com\/index.php\/wp-json\/wp\/v2\/media?parent=28118"}],"wp:term":[{"taxonomy":"product_brand","embeddable":true,"href":"https:\/\/kervanmagazacilik.com\/index.php\/wp-json\/wp\/v2\/product_brand?post=28118"},{"taxonomy":"product_cat","embeddable":true,"href":"https:\/\/kervanmagazacilik.com\/index.php\/wp-json\/wp\/v2\/product_cat?post=28118"},{"taxonomy":"product_tag","embeddable":true,"href":"https:\/\/kervanmagazacilik.com\/index.php\/wp-json\/wp\/v2\/product_tag?post=28118"}],"curies":[{"name":"wp","href":"https:\/\/api.w.org\/{rel}","templated":true}]}}