{"id":28111,"date":"2025-07-01T15:21:27","date_gmt":"2025-07-01T12:21:27","guid":{"rendered":"https:\/\/kervanmagazacilik.com\/?post_type=product&#038;p=28111"},"modified":"2025-07-01T15:21:28","modified_gmt":"2025-07-01T12:21:28","slug":"900jia000022","status":"publish","type":"product","link":"https:\/\/kervanmagazacilik.com\/index.php\/urun\/900jia000022\/","title":{"rendered":"900JIA000022"},"content":{"rendered":"<p>900JIA000022<\/p>\n<p>HA4HN230323GN1 YAPAY K\u00d6K YE\u015e\u0130L 39,5CM<\/p>\n","protected":false},"excerpt":{"rendered":"<p>900JIA000022 HA4HN230323GN1 YAPAY K\u00d6K YE\u015e\u0130L 39,5CM<\/p>\n","protected":false},"featured_media":28112,"template":"","meta":[],"product_brand":[],"product_cat":[285],"product_tag":[6124],"class_list":{"0":"post-28111","1":"product","2":"type-product","3":"status-publish","4":"has-post-thumbnail","6":"product_cat-900jia","7":"product_tag-900jia000022","9":"first","10":"instock","11":"taxable","12":"shipping-taxable","13":"product-type-simple"},"_links":{"self":[{"href":"https:\/\/kervanmagazacilik.com\/index.php\/wp-json\/wp\/v2\/product\/28111","targetHints":{"allow":["GET"]}}],"collection":[{"href":"https:\/\/kervanmagazacilik.com\/index.php\/wp-json\/wp\/v2\/product"}],"about":[{"href":"https:\/\/kervanmagazacilik.com\/index.php\/wp-json\/wp\/v2\/types\/product"}],"wp:featuredmedia":[{"embeddable":true,"href":"https:\/\/kervanmagazacilik.com\/index.php\/wp-json\/wp\/v2\/media\/28112"}],"wp:attachment":[{"href":"https:\/\/kervanmagazacilik.com\/index.php\/wp-json\/wp\/v2\/media?parent=28111"}],"wp:term":[{"taxonomy":"product_brand","embeddable":true,"href":"https:\/\/kervanmagazacilik.com\/index.php\/wp-json\/wp\/v2\/product_brand?post=28111"},{"taxonomy":"product_cat","embeddable":true,"href":"https:\/\/kervanmagazacilik.com\/index.php\/wp-json\/wp\/v2\/product_cat?post=28111"},{"taxonomy":"product_tag","embeddable":true,"href":"https:\/\/kervanmagazacilik.com\/index.php\/wp-json\/wp\/v2\/product_tag?post=28111"}],"curies":[{"name":"wp","href":"https:\/\/api.w.org\/{rel}","templated":true}]}}