{"id":28104,"date":"2025-07-01T15:19:43","date_gmt":"2025-07-01T12:19:43","guid":{"rendered":"https:\/\/kervanmagazacilik.com\/?post_type=product&#038;p=28104"},"modified":"2025-07-01T15:19:45","modified_gmt":"2025-07-01T12:19:45","slug":"900jia000008-2","status":"publish","type":"product","link":"https:\/\/kervanmagazacilik.com\/index.php\/urun\/900jia000008-2\/","title":{"rendered":"900JIA000008"},"content":{"rendered":"<p>900JIA000008<\/p>\n<p>HA4LY542GN816 OKAL\u0130PTUS \u00c7ALI YE\u015e\u0130L 77cm<\/p>\n","protected":false},"excerpt":{"rendered":"<p>900JIA000008 HA4LY542GN816 OKAL\u0130PTUS \u00c7ALI YE\u015e\u0130L 77cm<\/p>\n","protected":false},"featured_media":28107,"template":"","meta":[],"product_brand":[],"product_cat":[285],"product_tag":[3633],"class_list":{"0":"post-28104","1":"product","2":"type-product","3":"status-publish","4":"has-post-thumbnail","6":"product_cat-900jia","7":"product_tag-900jia000008","9":"first","10":"instock","11":"taxable","12":"shipping-taxable","13":"product-type-simple"},"_links":{"self":[{"href":"https:\/\/kervanmagazacilik.com\/index.php\/wp-json\/wp\/v2\/product\/28104","targetHints":{"allow":["GET"]}}],"collection":[{"href":"https:\/\/kervanmagazacilik.com\/index.php\/wp-json\/wp\/v2\/product"}],"about":[{"href":"https:\/\/kervanmagazacilik.com\/index.php\/wp-json\/wp\/v2\/types\/product"}],"wp:featuredmedia":[{"embeddable":true,"href":"https:\/\/kervanmagazacilik.com\/index.php\/wp-json\/wp\/v2\/media\/28107"}],"wp:attachment":[{"href":"https:\/\/kervanmagazacilik.com\/index.php\/wp-json\/wp\/v2\/media?parent=28104"}],"wp:term":[{"taxonomy":"product_brand","embeddable":true,"href":"https:\/\/kervanmagazacilik.com\/index.php\/wp-json\/wp\/v2\/product_brand?post=28104"},{"taxonomy":"product_cat","embeddable":true,"href":"https:\/\/kervanmagazacilik.com\/index.php\/wp-json\/wp\/v2\/product_cat?post=28104"},{"taxonomy":"product_tag","embeddable":true,"href":"https:\/\/kervanmagazacilik.com\/index.php\/wp-json\/wp\/v2\/product_tag?post=28104"}],"curies":[{"name":"wp","href":"https:\/\/api.w.org\/{rel}","templated":true}]}}