{"id":28102,"date":"2025-07-01T15:17:38","date_gmt":"2025-07-01T12:17:38","guid":{"rendered":"https:\/\/kervanmagazacilik.com\/?post_type=product&#038;p=28102"},"modified":"2025-07-01T15:17:39","modified_gmt":"2025-07-01T12:17:39","slug":"900jia000007","status":"publish","type":"product","link":"https:\/\/kervanmagazacilik.com\/index.php\/urun\/900jia000007\/","title":{"rendered":"900JIA000007"},"content":{"rendered":"<p>900JIA000007<\/p>\n<p>HA4HG1801382GN OKAL\u0130PTUS \u00c7ALI YE\u015e\u0130L 76cm<\/p>\n","protected":false},"excerpt":{"rendered":"<p>900JIA000007 HA4HG1801382GN OKAL\u0130PTUS \u00c7ALI YE\u015e\u0130L 76cm<\/p>\n","protected":false},"featured_media":28103,"template":"","meta":[],"product_brand":[],"product_cat":[285],"product_tag":[6123],"class_list":{"0":"post-28102","1":"product","2":"type-product","3":"status-publish","4":"has-post-thumbnail","6":"product_cat-900jia","7":"product_tag-900jia000007","9":"first","10":"instock","11":"taxable","12":"shipping-taxable","13":"product-type-simple"},"_links":{"self":[{"href":"https:\/\/kervanmagazacilik.com\/index.php\/wp-json\/wp\/v2\/product\/28102","targetHints":{"allow":["GET"]}}],"collection":[{"href":"https:\/\/kervanmagazacilik.com\/index.php\/wp-json\/wp\/v2\/product"}],"about":[{"href":"https:\/\/kervanmagazacilik.com\/index.php\/wp-json\/wp\/v2\/types\/product"}],"wp:featuredmedia":[{"embeddable":true,"href":"https:\/\/kervanmagazacilik.com\/index.php\/wp-json\/wp\/v2\/media\/28103"}],"wp:attachment":[{"href":"https:\/\/kervanmagazacilik.com\/index.php\/wp-json\/wp\/v2\/media?parent=28102"}],"wp:term":[{"taxonomy":"product_brand","embeddable":true,"href":"https:\/\/kervanmagazacilik.com\/index.php\/wp-json\/wp\/v2\/product_brand?post=28102"},{"taxonomy":"product_cat","embeddable":true,"href":"https:\/\/kervanmagazacilik.com\/index.php\/wp-json\/wp\/v2\/product_cat?post=28102"},{"taxonomy":"product_tag","embeddable":true,"href":"https:\/\/kervanmagazacilik.com\/index.php\/wp-json\/wp\/v2\/product_tag?post=28102"}],"curies":[{"name":"wp","href":"https:\/\/api.w.org\/{rel}","templated":true}]}}