{"id":28071,"date":"2025-07-01T15:01:37","date_gmt":"2025-07-01T12:01:37","guid":{"rendered":"https:\/\/kervanmagazacilik.com\/?post_type=product&#038;p=28071"},"modified":"2025-07-01T15:01:37","modified_gmt":"2025-07-01T12:01:37","slug":"900jia000048","status":"publish","type":"product","link":"https:\/\/kervanmagazacilik.com\/index.php\/urun\/900jia000048\/","title":{"rendered":"900JIA000048"},"content":{"rendered":"<p>900JIA000048<\/p>\n<p>HA4HX16414236GN4 YAPAY E\u011e\u0130TMEN \u00c7ALI YE\u015e\u0130L 41 CM<\/p>\n","protected":false},"excerpt":{"rendered":"<p>900JIA000048 HA4HX16414236GN4 YAPAY E\u011e\u0130TMEN \u00c7ALI YE\u015e\u0130L 41 CM<\/p>\n","protected":false},"featured_media":28074,"template":"","meta":[],"product_brand":[],"product_cat":[285],"product_tag":[6114],"class_list":{"0":"post-28071","1":"product","2":"type-product","3":"status-publish","4":"has-post-thumbnail","6":"product_cat-900jia","7":"product_tag-900jia000048","9":"first","10":"instock","11":"taxable","12":"shipping-taxable","13":"product-type-simple"},"_links":{"self":[{"href":"https:\/\/kervanmagazacilik.com\/index.php\/wp-json\/wp\/v2\/product\/28071","targetHints":{"allow":["GET"]}}],"collection":[{"href":"https:\/\/kervanmagazacilik.com\/index.php\/wp-json\/wp\/v2\/product"}],"about":[{"href":"https:\/\/kervanmagazacilik.com\/index.php\/wp-json\/wp\/v2\/types\/product"}],"wp:featuredmedia":[{"embeddable":true,"href":"https:\/\/kervanmagazacilik.com\/index.php\/wp-json\/wp\/v2\/media\/28074"}],"wp:attachment":[{"href":"https:\/\/kervanmagazacilik.com\/index.php\/wp-json\/wp\/v2\/media?parent=28071"}],"wp:term":[{"taxonomy":"product_brand","embeddable":true,"href":"https:\/\/kervanmagazacilik.com\/index.php\/wp-json\/wp\/v2\/product_brand?post=28071"},{"taxonomy":"product_cat","embeddable":true,"href":"https:\/\/kervanmagazacilik.com\/index.php\/wp-json\/wp\/v2\/product_cat?post=28071"},{"taxonomy":"product_tag","embeddable":true,"href":"https:\/\/kervanmagazacilik.com\/index.php\/wp-json\/wp\/v2\/product_tag?post=28071"}],"curies":[{"name":"wp","href":"https:\/\/api.w.org\/{rel}","templated":true}]}}