{"id":27911,"date":"2025-06-30T08:58:52","date_gmt":"2025-06-30T05:58:52","guid":{"rendered":"https:\/\/kervanmagazacilik.com\/?post_type=product&#038;p=27911"},"modified":"2025-06-30T08:58:52","modified_gmt":"2025-06-30T05:58:52","slug":"611ps0000067","status":"publish","type":"product","link":"https:\/\/kervanmagazacilik.com\/index.php\/urun\/611ps0000067\/","title":{"rendered":"611PS0000067"},"content":{"rendered":"<p>611PS0000067<\/p>\n<p>KONSOL 2 \u00c7EKMECEL\u0130 160x35x90cm PLA8<\/p>\n<p>Bayur Ah\u015fap + MDF P2 + Kaplama Mindi<\/p>\n<p>Sadece nemli bir bezle silin ve ard\u0131ndan kuru bir bezle silin, toz alma f\u0131r\u00e7as\u0131yla tozunu al\u0131n.<\/p>\n","protected":false},"excerpt":{"rendered":"<p>611PS0000067 KONSOL 2 \u00c7EKMECEL\u0130 160x35x90cm PLA8 Bayur Ah\u015fap + MDF P2 + Kaplama Mindi Sadece nemli bir bezle silin ve ard\u0131ndan kuru bir bezle silin, toz alma f\u0131r\u00e7as\u0131yla tozunu al\u0131n.<\/p>\n","protected":false},"featured_media":27916,"template":"","meta":[],"product_brand":[],"product_cat":[74],"product_tag":[6080],"class_list":{"0":"post-27911","1":"product","2":"type-product","3":"status-publish","4":"has-post-thumbnail","6":"product_cat-611ps","7":"product_tag-611ps0000067","9":"first","10":"instock","11":"taxable","12":"shipping-taxable","13":"product-type-simple"},"_links":{"self":[{"href":"https:\/\/kervanmagazacilik.com\/index.php\/wp-json\/wp\/v2\/product\/27911","targetHints":{"allow":["GET"]}}],"collection":[{"href":"https:\/\/kervanmagazacilik.com\/index.php\/wp-json\/wp\/v2\/product"}],"about":[{"href":"https:\/\/kervanmagazacilik.com\/index.php\/wp-json\/wp\/v2\/types\/product"}],"wp:featuredmedia":[{"embeddable":true,"href":"https:\/\/kervanmagazacilik.com\/index.php\/wp-json\/wp\/v2\/media\/27916"}],"wp:attachment":[{"href":"https:\/\/kervanmagazacilik.com\/index.php\/wp-json\/wp\/v2\/media?parent=27911"}],"wp:term":[{"taxonomy":"product_brand","embeddable":true,"href":"https:\/\/kervanmagazacilik.com\/index.php\/wp-json\/wp\/v2\/product_brand?post=27911"},{"taxonomy":"product_cat","embeddable":true,"href":"https:\/\/kervanmagazacilik.com\/index.php\/wp-json\/wp\/v2\/product_cat?post=27911"},{"taxonomy":"product_tag","embeddable":true,"href":"https:\/\/kervanmagazacilik.com\/index.php\/wp-json\/wp\/v2\/product_tag?post=27911"}],"curies":[{"name":"wp","href":"https:\/\/api.w.org\/{rel}","templated":true}]}}