{"id":27909,"date":"2025-06-30T09:07:03","date_gmt":"2025-06-30T06:07:03","guid":{"rendered":"https:\/\/kervanmagazacilik.com\/?post_type=product&#038;p=27909"},"modified":"2025-06-30T09:07:04","modified_gmt":"2025-06-30T06:07:04","slug":"611ps0000069","status":"publish","type":"product","link":"https:\/\/kervanmagazacilik.com\/index.php\/urun\/611ps0000069\/","title":{"rendered":"611PS0000069"},"content":{"rendered":"<p>611PS0000069<\/p>\n<p>TIRNAK 110x35x90cm LOB5<\/p>\n<p>Bayur Ah\u015fap + MDF P2<\/p>\n<p>Sadece nemli bir bezle silin ve ard\u0131ndan kuru bir bezle silin, toz alma f\u0131r\u00e7as\u0131yla tozunu al\u0131n.<\/p>\n<p>&nbsp;<\/p>\n","protected":false},"excerpt":{"rendered":"<p>611PS0000069 TIRNAK 110x35x90cm LOB5 Bayur Ah\u015fap + MDF P2 Sadece nemli bir bezle silin ve ard\u0131ndan kuru bir bezle silin, toz alma f\u0131r\u00e7as\u0131yla tozunu al\u0131n. &nbsp;<\/p>\n","protected":false},"featured_media":27923,"template":"","meta":[],"product_brand":[],"product_cat":[74],"product_tag":[6082],"class_list":{"0":"post-27909","1":"product","2":"type-product","3":"status-publish","4":"has-post-thumbnail","6":"product_cat-611ps","7":"product_tag-611ps0000069","9":"first","10":"instock","11":"taxable","12":"shipping-taxable","13":"product-type-simple"},"_links":{"self":[{"href":"https:\/\/kervanmagazacilik.com\/index.php\/wp-json\/wp\/v2\/product\/27909","targetHints":{"allow":["GET"]}}],"collection":[{"href":"https:\/\/kervanmagazacilik.com\/index.php\/wp-json\/wp\/v2\/product"}],"about":[{"href":"https:\/\/kervanmagazacilik.com\/index.php\/wp-json\/wp\/v2\/types\/product"}],"wp:featuredmedia":[{"embeddable":true,"href":"https:\/\/kervanmagazacilik.com\/index.php\/wp-json\/wp\/v2\/media\/27923"}],"wp:attachment":[{"href":"https:\/\/kervanmagazacilik.com\/index.php\/wp-json\/wp\/v2\/media?parent=27909"}],"wp:term":[{"taxonomy":"product_brand","embeddable":true,"href":"https:\/\/kervanmagazacilik.com\/index.php\/wp-json\/wp\/v2\/product_brand?post=27909"},{"taxonomy":"product_cat","embeddable":true,"href":"https:\/\/kervanmagazacilik.com\/index.php\/wp-json\/wp\/v2\/product_cat?post=27909"},{"taxonomy":"product_tag","embeddable":true,"href":"https:\/\/kervanmagazacilik.com\/index.php\/wp-json\/wp\/v2\/product_tag?post=27909"}],"curies":[{"name":"wp","href":"https:\/\/api.w.org\/{rel}","templated":true}]}}