{"id":27903,"date":"2025-06-30T08:51:33","date_gmt":"2025-06-30T05:51:33","guid":{"rendered":"https:\/\/kervanmagazacilik.com\/?post_type=product&#038;p=27903"},"modified":"2025-06-30T08:51:34","modified_gmt":"2025-06-30T05:51:34","slug":"611ps0000064","status":"publish","type":"product","link":"https:\/\/kervanmagazacilik.com\/index.php\/urun\/611ps0000064\/","title":{"rendered":"611PS0000064"},"content":{"rendered":"<p>611PS0000064<\/p>\n<p>YAN SEHPA 60x52x65cm EMU1<\/p>\n<p>Bayur Ah\u015fap + MDF P2 + Kaplama Mindi<\/p>\n<p>1. Sadece nemli bir bezle silin ve ard\u0131ndan kuru bir bezle kurulay\u0131n.<br \/>\n2. G\u00f6lgelenmeyi \u00f6nlemek i\u00e7in y\u00fczeydeki herhangi bir nesnenin konumunu d\u00fczenli olarak de\u011fi\u015ftirmeniz \u00f6nerilir. (lamba, kase, vazo vb.)<br \/>\n3. D\u00f6k\u00fcnt\u00fcleri asla b\u0131rakmay\u0131n, hemen temizleyin. Ger\u00e7ekten de, d\u00f6k\u00fclmeler 2 saatten fazla masada kal\u0131rsa belirli s\u0131v\u0131lar iz b\u0131rakabilir.<br \/>\n4. S\u0131cak e\u015fyalar\u0131n \u00fcstlerine konulmas\u0131 s\u0131ras\u0131nda, lekelenmelere kar\u015f\u0131 koruma sa\u011flamak i\u00e7in mutlaka masa \u00f6rt\u00fcs\u00fc veya \u00f6rt\u00fc kullan\u0131lmal\u0131d\u0131r.<br \/>\n5. Yaz\u0131 yazarken, y\u00fczeyin \u00e7izilmesini \u00f6nlemek i\u00e7in koruyucu bir mat kullan\u0131lmas\u0131 tavsiye edilir.<br \/>\n6. Mobilyalar modern bir evdeki t\u00fcm s\u0131cakl\u0131klara dayanacakt\u0131r. Ancak, radyat\u00f6rlerden veya di\u011fer do\u011frudan \u0131s\u0131 kaynaklar\u0131ndan uzakta konumland\u0131r\u0131lmas\u0131 da \u015fiddetle<br \/>\ntavsiye edilir.<br \/>\n7. Ayr\u0131ca, ah\u015fap<br \/>\nmobilyalar\u0131n\u0131z\u0131n hasar g\u00f6rmesine neden olabilecek odada a\u015f\u0131r\u0131 nemden de ka\u00e7\u0131nman\u0131z gerekecektir. Ah\u015fap ya\u015fayan bir malzemedir ve evinizin ko\u015fullar\u0131na uyum<br \/>\nsa\u011flayacakt\u0131r.<\/p>\n","protected":false},"excerpt":{"rendered":"<p>611PS0000064 YAN SEHPA 60x52x65cm EMU1 Bayur Ah\u015fap + MDF P2 + Kaplama Mindi 1. Sadece nemli bir bezle silin ve ard\u0131ndan kuru bir bezle kurulay\u0131n. 2. G\u00f6lgelenmeyi \u00f6nlemek i\u00e7in y\u00fczeydeki herhangi bir nesnenin konumunu d\u00fczenli olarak de\u011fi\u015ftirmeniz \u00f6nerilir. (lamba, kase, vazo vb.) 3. D\u00f6k\u00fcnt\u00fcleri asla b\u0131rakmay\u0131n, hemen temizleyin. Ger\u00e7ekten de, d\u00f6k\u00fclmeler 2 saatten fazla masada [&hellip;]<\/p>\n","protected":false},"featured_media":27907,"template":"","meta":[],"product_brand":[],"product_cat":[74],"product_tag":[6077],"class_list":{"0":"post-27903","1":"product","2":"type-product","3":"status-publish","4":"has-post-thumbnail","6":"product_cat-611ps","7":"product_tag-611ps0000064","9":"first","10":"instock","11":"taxable","12":"shipping-taxable","13":"product-type-simple"},"_links":{"self":[{"href":"https:\/\/kervanmagazacilik.com\/index.php\/wp-json\/wp\/v2\/product\/27903","targetHints":{"allow":["GET"]}}],"collection":[{"href":"https:\/\/kervanmagazacilik.com\/index.php\/wp-json\/wp\/v2\/product"}],"about":[{"href":"https:\/\/kervanmagazacilik.com\/index.php\/wp-json\/wp\/v2\/types\/product"}],"wp:featuredmedia":[{"embeddable":true,"href":"https:\/\/kervanmagazacilik.com\/index.php\/wp-json\/wp\/v2\/media\/27907"}],"wp:attachment":[{"href":"https:\/\/kervanmagazacilik.com\/index.php\/wp-json\/wp\/v2\/media?parent=27903"}],"wp:term":[{"taxonomy":"product_brand","embeddable":true,"href":"https:\/\/kervanmagazacilik.com\/index.php\/wp-json\/wp\/v2\/product_brand?post=27903"},{"taxonomy":"product_cat","embeddable":true,"href":"https:\/\/kervanmagazacilik.com\/index.php\/wp-json\/wp\/v2\/product_cat?post=27903"},{"taxonomy":"product_tag","embeddable":true,"href":"https:\/\/kervanmagazacilik.com\/index.php\/wp-json\/wp\/v2\/product_tag?post=27903"}],"curies":[{"name":"wp","href":"https:\/\/api.w.org\/{rel}","templated":true}]}}