{"id":27900,"date":"2025-06-30T08:44:55","date_gmt":"2025-06-30T05:44:55","guid":{"rendered":"https:\/\/kervanmagazacilik.com\/?post_type=product&#038;p=27900"},"modified":"2025-06-30T08:44:55","modified_gmt":"2025-06-30T05:44:55","slug":"611ps0000058","status":"publish","type":"product","link":"https:\/\/kervanmagazacilik.com\/index.php\/urun\/611ps0000058\/","title":{"rendered":"611PS0000058"},"content":{"rendered":"<p>611PS0000058<\/p>\n<p>KONSOL 2 \u00c7EKMECEL\u0130 120x35x80cm ADR7<\/p>\n<p>Bayur Ah\u015fap + MDF P2 + Kaplama Mindi<\/p>\n<p>Sadece nemli bir bezle silin ve ard\u0131ndan kuru bir bezle silin, toz alma f\u0131r\u00e7as\u0131yla tozunu al\u0131n.<\/p>\n","protected":false},"excerpt":{"rendered":"<p>611PS0000058 KONSOL 2 \u00c7EKMECEL\u0130 120x35x80cm ADR7 Bayur Ah\u015fap + MDF P2 + Kaplama Mindi Sadece nemli bir bezle silin ve ard\u0131ndan kuru bir bezle silin, toz alma f\u0131r\u00e7as\u0131yla tozunu al\u0131n.<\/p>\n","protected":false},"featured_media":27901,"template":"","meta":[],"product_brand":[],"product_cat":[74],"product_tag":[6076],"class_list":{"0":"post-27900","1":"product","2":"type-product","3":"status-publish","4":"has-post-thumbnail","6":"product_cat-611ps","7":"product_tag-611ps0000058","9":"first","10":"instock","11":"taxable","12":"shipping-taxable","13":"product-type-simple"},"_links":{"self":[{"href":"https:\/\/kervanmagazacilik.com\/index.php\/wp-json\/wp\/v2\/product\/27900","targetHints":{"allow":["GET"]}}],"collection":[{"href":"https:\/\/kervanmagazacilik.com\/index.php\/wp-json\/wp\/v2\/product"}],"about":[{"href":"https:\/\/kervanmagazacilik.com\/index.php\/wp-json\/wp\/v2\/types\/product"}],"wp:featuredmedia":[{"embeddable":true,"href":"https:\/\/kervanmagazacilik.com\/index.php\/wp-json\/wp\/v2\/media\/27901"}],"wp:attachment":[{"href":"https:\/\/kervanmagazacilik.com\/index.php\/wp-json\/wp\/v2\/media?parent=27900"}],"wp:term":[{"taxonomy":"product_brand","embeddable":true,"href":"https:\/\/kervanmagazacilik.com\/index.php\/wp-json\/wp\/v2\/product_brand?post=27900"},{"taxonomy":"product_cat","embeddable":true,"href":"https:\/\/kervanmagazacilik.com\/index.php\/wp-json\/wp\/v2\/product_cat?post=27900"},{"taxonomy":"product_tag","embeddable":true,"href":"https:\/\/kervanmagazacilik.com\/index.php\/wp-json\/wp\/v2\/product_tag?post=27900"}],"curies":[{"name":"wp","href":"https:\/\/api.w.org\/{rel}","templated":true}]}}